{"id":3647,"date":"2021-01-25T07:15:40","date_gmt":"2021-01-25T12:15:40","guid":{"rendered":"https:\/\/nyture.novaworks.net\/?page_id=3558"},"modified":"2022-05-25T15:21:24","modified_gmt":"2022-05-25T20:21:24","slug":"servicios","status":"publish","type":"page","link":"https:\/\/vamosmujer.org.co\/sitio\/servicios\/","title":{"rendered":"Nuestros Servicios"},"content":{"rendered":"\t\t<div data-elementor-type=\"wp-page\" data-elementor-id=\"3647\" class=\"elementor elementor-3647\">\n\t\t\t\t\t\t<section class=\"elementor-section elementor-top-section elementor-element elementor-element-e22d71f elementor-section-stretched elementor-section-boxed elementor-section-height-default elementor-section-height-default\" data-id=\"e22d71f\" data-element_type=\"section\" data-settings=\"{&quot;background_background&quot;:&quot;classic&quot;,&quot;stretch_section&quot;:&quot;section-stretched&quot;}\">\n\t\t\t\t\t\t<div class=\"elementor-container elementor-column-gap-narrow\">\n\t\t\t\t\t<div class=\"elementor-column elementor-col-50 elementor-top-column elementor-element elementor-element-97c7454\" data-id=\"97c7454\" data-element_type=\"column\">\n\t\t\t<div class=\"elementor-widget-wrap elementor-element-populated\">\n\t\t\t\t\t\t<div class=\"elementor-element elementor-element-eac9f4e elementor-widget elementor-widget-heading\" data-id=\"eac9f4e\" data-element_type=\"widget\" data-widget_type=\"heading.default\">\n\t\t\t\t<div class=\"elementor-widget-container\">\n\t\t\t<h2 class=\"elementor-heading-title elementor-size-default\">Nuestros Servicios<\/h2>\t\t<\/div>\n\t\t\t\t<\/div>\n\t\t\t\t\t<\/div>\n\t\t<\/div>\n\t\t\t\t<div class=\"elementor-column elementor-col-50 elementor-top-column elementor-element elementor-element-0a1452f\" data-id=\"0a1452f\" data-element_type=\"column\">\n\t\t\t<div class=\"elementor-widget-wrap\">\n\t\t\t\t\t\t\t<\/div>\n\t\t<\/div>\n\t\t\t\t\t<\/div>\n\t\t<\/section>\n\t\t\t\t<section class=\"elementor-section elementor-top-section elementor-element elementor-element-174c712 elementor-section-boxed elementor-section-height-default elementor-section-height-default\" data-id=\"174c712\" data-element_type=\"section\">\n\t\t\t\t\t\t<div class=\"elementor-container elementor-column-gap-default\">\n\t\t\t\t\t<div class=\"elementor-column elementor-col-50 elementor-top-column elementor-element elementor-element-e2c9028 elementor-invisible\" data-id=\"e2c9028\" data-element_type=\"column\" data-settings=\"{&quot;animation&quot;:&quot;fadeInUp&quot;,&quot;animation_delay&quot;:300}\">\n\t\t\t<div class=\"elementor-widget-wrap elementor-element-populated\">\n\t\t\t\t\t\t<section class=\"elementor-section elementor-inner-section elementor-element elementor-element-ba232a8 elementor-section-boxed elementor-section-height-default elementor-section-height-default\" data-id=\"ba232a8\" data-element_type=\"section\">\n\t\t\t\t\t\t<div class=\"elementor-container elementor-column-gap-default\">\n\t\t\t\t\t<div class=\"elementor-column elementor-col-50 elementor-inner-column elementor-element elementor-element-7d46408\" data-id=\"7d46408\" data-element_type=\"column\">\n\t\t\t<div class=\"elementor-widget-wrap\">\n\t\t\t\t\t\t\t<\/div>\n\t\t<\/div>\n\t\t\t\t<div class=\"elementor-column elementor-col-50 elementor-inner-column elementor-element elementor-element-82677f0\" data-id=\"82677f0\" data-element_type=\"column\">\n\t\t\t<div class=\"elementor-widget-wrap\">\n\t\t\t\t\t\t\t<\/div>\n\t\t<\/div>\n\t\t\t\t\t<\/div>\n\t\t<\/section>\n\t\t\t\t\t<\/div>\n\t\t<\/div>\n\t\t\t\t<div class=\"elementor-column elementor-col-50 elementor-top-column elementor-element elementor-element-987c51c elementor-invisible\" data-id=\"987c51c\" data-element_type=\"column\" data-settings=\"{&quot;animation&quot;:&quot;fadeInUp&quot;,&quot;animation_delay&quot;:500,&quot;background_background&quot;:&quot;classic&quot;}\">\n\t\t\t<div class=\"elementor-widget-wrap elementor-element-populated\">\n\t\t\t\t\t\t<div class=\"elementor-element elementor-element-0064443 elementor-widget elementor-widget-spacer\" data-id=\"0064443\" data-element_type=\"widget\" data-widget_type=\"spacer.default\">\n\t\t\t\t<div class=\"elementor-widget-container\">\n\t\t\t\t\t<div class=\"elementor-spacer\">\n\t\t\t<div class=\"elementor-spacer-inner\"><\/div>\n\t\t<\/div>\n\t\t\t\t<\/div>\n\t\t\t\t<\/div>\n\t\t\t\t\t<\/div>\n\t\t<\/div>\n\t\t\t\t\t<\/div>\n\t\t<\/section>\n\t\t\t\t<section class=\"elementor-section elementor-top-section elementor-element elementor-element-7aae629 elementor-section-boxed elementor-section-height-default elementor-section-height-default\" data-id=\"7aae629\" data-element_type=\"section\">\n\t\t\t\t\t\t<div class=\"elementor-container elementor-column-gap-default\">\n\t\t\t\t\t<div class=\"elementor-column elementor-col-50 elementor-top-column elementor-element elementor-element-ab67ff1\" data-id=\"ab67ff1\" data-element_type=\"column\" data-settings=\"{&quot;background_background&quot;:&quot;classic&quot;}\">\n\t\t\t<div class=\"elementor-widget-wrap elementor-element-populated\">\n\t\t\t\t\t\t<section class=\"elementor-section elementor-inner-section elementor-element elementor-element-7cb24cd elementor-section-boxed elementor-section-height-default elementor-section-height-default\" data-id=\"7cb24cd\" data-element_type=\"section\">\n\t\t\t\t\t\t<div class=\"elementor-container elementor-column-gap-default\">\n\t\t\t\t\t<div class=\"elementor-column elementor-col-100 elementor-inner-column elementor-element elementor-element-0477fc4\" data-id=\"0477fc4\" data-element_type=\"column\" data-settings=\"{&quot;background_background&quot;:&quot;classic&quot;}\">\n\t\t\t<div class=\"elementor-widget-wrap elementor-element-populated\">\n\t\t\t\t\t<div class=\"elementor-background-overlay\"><\/div>\n\t\t\t\t\t\t<div class=\"elementor-element elementor-element-e3dcdca elementor-widget elementor-widget-heading\" data-id=\"e3dcdca\" data-element_type=\"widget\" data-widget_type=\"heading.default\">\n\t\t\t\t<div class=\"elementor-widget-container\">\n\t\t\t<h2 class=\"elementor-heading-title elementor-size-default\">Asesor\u00eda para la planeaci\u00f3n y elaboraci\u00f3n de proyectos con enfoque de g\u00e9nero y enfoque feminista<\/h2>\t\t<\/div>\n\t\t\t\t<\/div>\n\t\t\t\t<div class=\"elementor-element elementor-element-e36e35a elementor-widget elementor-widget-spacer\" data-id=\"e36e35a\" data-element_type=\"widget\" data-widget_type=\"spacer.default\">\n\t\t\t\t<div class=\"elementor-widget-container\">\n\t\t\t\t\t<div class=\"elementor-spacer\">\n\t\t\t<div class=\"elementor-spacer-inner\"><\/div>\n\t\t<\/div>\n\t\t\t\t<\/div>\n\t\t\t\t<\/div>\n\t\t\t\t<div class=\"elementor-element elementor-element-60d7547 elementor-align-center elementor-widget elementor-widget-button\" data-id=\"60d7547\" data-element_type=\"widget\" data-widget_type=\"button.default\">\n\t\t\t\t<div class=\"elementor-widget-container\">\n\t\t\t\t\t<div class=\"elementor-button-wrapper\">\n\t\t\t<a class=\"elementor-button elementor-button-link elementor-size-sm\" href=\"\/shop\/\">\n\t\t\t\t\t\t<span class=\"elementor-button-content-wrapper\">\n\t\t\t\t\t\t<span class=\"elementor-button-text\">Ver M\u00e1s<\/span>\n\t\t<\/span>\n\t\t\t\t\t<\/a>\n\t\t<\/div>\n\t\t\t\t<\/div>\n\t\t\t\t<\/div>\n\t\t\t\t\t<\/div>\n\t\t<\/div>\n\t\t\t\t\t<\/div>\n\t\t<\/section>\n\t\t\t\t\t<\/div>\n\t\t<\/div>\n\t\t\t\t<div class=\"elementor-column elementor-col-50 elementor-top-column elementor-element elementor-element-3393ebc\" data-id=\"3393ebc\" data-element_type=\"column\" data-settings=\"{&quot;background_background&quot;:&quot;classic&quot;}\">\n\t\t\t<div class=\"elementor-widget-wrap elementor-element-populated\">\n\t\t\t\t\t<div class=\"elementor-background-overlay\"><\/div>\n\t\t\t\t\t\t<section class=\"elementor-section elementor-inner-section elementor-element elementor-element-7ac0c2f elementor-section-boxed elementor-section-height-default elementor-section-height-default\" data-id=\"7ac0c2f\" data-element_type=\"section\">\n\t\t\t\t\t\t<div class=\"elementor-container elementor-column-gap-default\">\n\t\t\t\t\t<div class=\"elementor-column elementor-col-100 elementor-inner-column elementor-element elementor-element-d9234e3\" data-id=\"d9234e3\" data-element_type=\"column\" data-settings=\"{&quot;background_background&quot;:&quot;classic&quot;}\">\n\t\t\t<div class=\"elementor-widget-wrap elementor-element-populated\">\n\t\t\t\t\t\t<div class=\"elementor-element elementor-element-b03e2a2 elementor-widget elementor-widget-heading\" data-id=\"b03e2a2\" data-element_type=\"widget\" data-widget_type=\"heading.default\">\n\t\t\t\t<div class=\"elementor-widget-container\">\n\t\t\t<h2 class=\"elementor-heading-title elementor-size-default\">Asesor\u00eda en transversalizaci\u00f3n institucional del enfoque de g\u00e9nero y enfoque feminista<\/h2>\t\t<\/div>\n\t\t\t\t<\/div>\n\t\t\t\t<div class=\"elementor-element elementor-element-e469071 elementor-widget elementor-widget-spacer\" data-id=\"e469071\" data-element_type=\"widget\" data-widget_type=\"spacer.default\">\n\t\t\t\t<div class=\"elementor-widget-container\">\n\t\t\t\t\t<div class=\"elementor-spacer\">\n\t\t\t<div class=\"elementor-spacer-inner\"><\/div>\n\t\t<\/div>\n\t\t\t\t<\/div>\n\t\t\t\t<\/div>\n\t\t\t\t<div class=\"elementor-element elementor-element-0cea0cb elementor-align-center elementor-widget elementor-widget-button\" data-id=\"0cea0cb\" data-element_type=\"widget\" data-widget_type=\"button.default\">\n\t\t\t\t<div class=\"elementor-widget-container\">\n\t\t\t\t\t<div class=\"elementor-button-wrapper\">\n\t\t\t<a class=\"elementor-button elementor-button-link elementor-size-sm\" href=\"\/shop\/\">\n\t\t\t\t\t\t<span class=\"elementor-button-content-wrapper\">\n\t\t\t\t\t\t<span class=\"elementor-button-text\">Ver M\u00e1s<\/span>\n\t\t<\/span>\n\t\t\t\t\t<\/a>\n\t\t<\/div>\n\t\t\t\t<\/div>\n\t\t\t\t<\/div>\n\t\t\t\t\t<\/div>\n\t\t<\/div>\n\t\t\t\t\t<\/div>\n\t\t<\/section>\n\t\t\t\t\t<\/div>\n\t\t<\/div>\n\t\t\t\t\t<\/div>\n\t\t<\/section>\n\t\t\t\t<section class=\"elementor-section elementor-top-section elementor-element elementor-element-3614a59 elementor-section-boxed elementor-section-height-default elementor-section-height-default\" data-id=\"3614a59\" data-element_type=\"section\">\n\t\t\t\t\t\t<div class=\"elementor-container elementor-column-gap-default\">\n\t\t\t\t\t<div class=\"elementor-column elementor-col-100 elementor-top-column elementor-element elementor-element-1beb64a\" data-id=\"1beb64a\" data-element_type=\"column\">\n\t\t\t<div class=\"elementor-widget-wrap elementor-element-populated\">\n\t\t\t\t\t\t<div class=\"elementor-element elementor-element-71893cb elementor-widget elementor-widget-spacer\" data-id=\"71893cb\" data-element_type=\"widget\" data-widget_type=\"spacer.default\">\n\t\t\t\t<div class=\"elementor-widget-container\">\n\t\t\t\t\t<div class=\"elementor-spacer\">\n\t\t\t<div class=\"elementor-spacer-inner\"><\/div>\n\t\t<\/div>\n\t\t\t\t<\/div>\n\t\t\t\t<\/div>\n\t\t\t\t\t<\/div>\n\t\t<\/div>\n\t\t\t\t\t<\/div>\n\t\t<\/section>\n\t\t\t\t<section class=\"elementor-section elementor-top-section elementor-element elementor-element-8fd3950 elementor-section-boxed elementor-section-height-default elementor-section-height-default\" data-id=\"8fd3950\" data-element_type=\"section\">\n\t\t\t\t\t\t<div class=\"elementor-container elementor-column-gap-default\">\n\t\t\t\t\t<div class=\"elementor-column elementor-col-50 elementor-top-column elementor-element elementor-element-f11826a\" data-id=\"f11826a\" data-element_type=\"column\" data-settings=\"{&quot;background_background&quot;:&quot;classic&quot;}\">\n\t\t\t<div class=\"elementor-widget-wrap elementor-element-populated\">\n\t\t\t\t\t<div class=\"elementor-background-overlay\"><\/div>\n\t\t\t\t\t\t<section class=\"elementor-section elementor-inner-section elementor-element elementor-element-38be41c elementor-section-boxed elementor-section-height-default elementor-section-height-default\" data-id=\"38be41c\" data-element_type=\"section\">\n\t\t\t\t\t\t<div class=\"elementor-container elementor-column-gap-default\">\n\t\t\t\t\t<div class=\"elementor-column elementor-col-100 elementor-inner-column elementor-element elementor-element-a42c51c\" data-id=\"a42c51c\" data-element_type=\"column\" data-settings=\"{&quot;background_background&quot;:&quot;classic&quot;}\">\n\t\t\t<div class=\"elementor-widget-wrap elementor-element-populated\">\n\t\t\t\t\t\t<div class=\"elementor-element elementor-element-a95ddc6 elementor-widget elementor-widget-heading\" data-id=\"a95ddc6\" data-element_type=\"widget\" data-widget_type=\"heading.default\">\n\t\t\t\t<div class=\"elementor-widget-container\">\n\t\t\t<h2 class=\"elementor-heading-title elementor-size-default\">Asesor\u00eda, formaci\u00f3n y capacitaci\u00f3n para el dise\u00f1o de procesos educativos con enfoque de g\u00e9nero y enfoque feminista<\/h2>\t\t<\/div>\n\t\t\t\t<\/div>\n\t\t\t\t<div class=\"elementor-element elementor-element-a282295 elementor-widget elementor-widget-spacer\" data-id=\"a282295\" data-element_type=\"widget\" data-widget_type=\"spacer.default\">\n\t\t\t\t<div class=\"elementor-widget-container\">\n\t\t\t\t\t<div class=\"elementor-spacer\">\n\t\t\t<div class=\"elementor-spacer-inner\"><\/div>\n\t\t<\/div>\n\t\t\t\t<\/div>\n\t\t\t\t<\/div>\n\t\t\t\t<div class=\"elementor-element elementor-element-b069697 elementor-align-center elementor-widget elementor-widget-button\" data-id=\"b069697\" data-element_type=\"widget\" data-widget_type=\"button.default\">\n\t\t\t\t<div class=\"elementor-widget-container\">\n\t\t\t\t\t<div class=\"elementor-button-wrapper\">\n\t\t\t<a class=\"elementor-button elementor-button-link elementor-size-sm\" href=\"\/shop\/\">\n\t\t\t\t\t\t<span class=\"elementor-button-content-wrapper\">\n\t\t\t\t\t\t<span class=\"elementor-button-text\">Ver M\u00e1s<\/span>\n\t\t<\/span>\n\t\t\t\t\t<\/a>\n\t\t<\/div>\n\t\t\t\t<\/div>\n\t\t\t\t<\/div>\n\t\t\t\t\t<\/div>\n\t\t<\/div>\n\t\t\t\t\t<\/div>\n\t\t<\/section>\n\t\t\t\t\t<\/div>\n\t\t<\/div>\n\t\t\t\t<div class=\"elementor-column elementor-col-50 elementor-top-column elementor-element elementor-element-a573bbb\" data-id=\"a573bbb\" data-element_type=\"column\" data-settings=\"{&quot;background_background&quot;:&quot;classic&quot;}\">\n\t\t\t<div class=\"elementor-widget-wrap elementor-element-populated\">\n\t\t\t\t\t<div class=\"elementor-background-overlay\"><\/div>\n\t\t\t\t\t\t<section class=\"elementor-section elementor-inner-section elementor-element elementor-element-4687723 elementor-section-boxed elementor-section-height-default elementor-section-height-default\" data-id=\"4687723\" data-element_type=\"section\">\n\t\t\t\t\t\t<div class=\"elementor-container elementor-column-gap-default\">\n\t\t\t\t\t<div class=\"elementor-column elementor-col-100 elementor-inner-column elementor-element elementor-element-c1e7ecd\" data-id=\"c1e7ecd\" data-element_type=\"column\" data-settings=\"{&quot;background_background&quot;:&quot;classic&quot;}\">\n\t\t\t<div class=\"elementor-widget-wrap elementor-element-populated\">\n\t\t\t\t\t\t<div class=\"elementor-element elementor-element-e72406c elementor-widget elementor-widget-heading\" data-id=\"e72406c\" data-element_type=\"widget\" data-widget_type=\"heading.default\">\n\t\t\t\t<div class=\"elementor-widget-container\">\n\t\t\t<h2 class=\"elementor-heading-title elementor-size-default\">Asesor\u00eda y acompa\u00f1amiento en construcci\u00f3n en rutas de prevenci\u00f3n y atenci\u00f3n a violencias basadas en g\u00e9nero y violencias contra las mujeres <\/h2>\t\t<\/div>\n\t\t\t\t<\/div>\n\t\t\t\t<div class=\"elementor-element elementor-element-d5f839e elementor-widget elementor-widget-spacer\" data-id=\"d5f839e\" data-element_type=\"widget\" data-widget_type=\"spacer.default\">\n\t\t\t\t<div class=\"elementor-widget-container\">\n\t\t\t\t\t<div class=\"elementor-spacer\">\n\t\t\t<div class=\"elementor-spacer-inner\"><\/div>\n\t\t<\/div>\n\t\t\t\t<\/div>\n\t\t\t\t<\/div>\n\t\t\t\t<div class=\"elementor-element elementor-element-a633652 elementor-align-center elementor-widget elementor-widget-button\" data-id=\"a633652\" data-element_type=\"widget\" data-widget_type=\"button.default\">\n\t\t\t\t<div class=\"elementor-widget-container\">\n\t\t\t\t\t<div class=\"elementor-button-wrapper\">\n\t\t\t<a class=\"elementor-button elementor-button-link elementor-size-sm\" href=\"\/shop\/\">\n\t\t\t\t\t\t<span class=\"elementor-button-content-wrapper\">\n\t\t\t\t\t\t<span class=\"elementor-button-text\">Ver M\u00e1s<\/span>\n\t\t<\/span>\n\t\t\t\t\t<\/a>\n\t\t<\/div>\n\t\t\t\t<\/div>\n\t\t\t\t<\/div>\n\t\t\t\t\t<\/div>\n\t\t<\/div>\n\t\t\t\t\t<\/div>\n\t\t<\/section>\n\t\t\t\t\t<\/div>\n\t\t<\/div>\n\t\t\t\t\t<\/div>\n\t\t<\/section>\n\t\t\t\t<section class=\"elementor-section elementor-top-section elementor-element elementor-element-5f91828 elementor-section-boxed elementor-section-height-default elementor-section-height-default\" data-id=\"5f91828\" data-element_type=\"section\">\n\t\t\t\t\t\t<div class=\"elementor-container elementor-column-gap-default\">\n\t\t\t\t\t<div class=\"elementor-column elementor-col-100 elementor-top-column elementor-element elementor-element-339972c\" data-id=\"339972c\" data-element_type=\"column\">\n\t\t\t<div class=\"elementor-widget-wrap elementor-element-populated\">\n\t\t\t\t\t\t<div class=\"elementor-element elementor-element-03648ed elementor-widget elementor-widget-spacer\" data-id=\"03648ed\" data-element_type=\"widget\" data-widget_type=\"spacer.default\">\n\t\t\t\t<div class=\"elementor-widget-container\">\n\t\t\t\t\t<div class=\"elementor-spacer\">\n\t\t\t<div class=\"elementor-spacer-inner\"><\/div>\n\t\t<\/div>\n\t\t\t\t<\/div>\n\t\t\t\t<\/div>\n\t\t\t\t\t<\/div>\n\t\t<\/div>\n\t\t\t\t\t<\/div>\n\t\t<\/section>\n\t\t\t\t<\/div>\n\t\t","protected":false},"excerpt":{"rendered":"<p>Nuestros Servicios Asesor\u00eda para la planeaci\u00f3n y elaboraci\u00f3n de proyectos con enfoque de g\u00e9nero y enfoque feminista Ver M\u00e1s Asesor\u00eda en transversalizaci\u00f3n institucional del enfoque de g\u00e9nero y enfoque feminista Ver M\u00e1s Asesor\u00eda, formaci\u00f3n y capacitaci\u00f3n para el dise\u00f1o de procesos educativos con enfoque de g\u00e9nero y enfoque feminista Ver M\u00e1s Asesor\u00eda y acompa\u00f1amiento en construcci\u00f3n en rutas de prevenci\u00f3n\u2026<\/p>\n","protected":false},"author":2,"featured_media":0,"parent":0,"menu_order":0,"comment_status":"closed","ping_status":"closed","template":"","meta":{"pgc_meta":"","footnotes":""},"class_list":["post-3647","page","type-page","status-publish","hentry"],"pgc_meta":"","yoast_head":"<!-- This site is optimized with the Yoast SEO plugin v22.4 - https:\/\/yoast.com\/wordpress\/plugins\/seo\/ -->\n<title>Nuestros Servicios - Corporaci\u00f3n Vamos Mujer<\/title>\n<meta name=\"robots\" content=\"index, follow, max-snippet:-1, max-image-preview:large, max-video-preview:-1\" \/>\n<link rel=\"canonical\" href=\"https:\/\/vamosmujer.org.co\/sitio\/servicios\/\" \/>\n<meta property=\"og:locale\" content=\"es_ES\" \/>\n<meta property=\"og:type\" content=\"article\" \/>\n<meta property=\"og:title\" content=\"Nuestros Servicios - Corporaci\u00f3n Vamos Mujer\" \/>\n<meta property=\"og:description\" content=\"Nuestros Servicios Asesor\u00eda para la planeaci\u00f3n y elaboraci\u00f3n de proyectos con enfoque de g\u00e9nero y enfoque feminista Ver M\u00e1s Asesor\u00eda en transversalizaci\u00f3n institucional del enfoque de g\u00e9nero y enfoque feminista Ver M\u00e1s Asesor\u00eda, formaci\u00f3n y capacitaci\u00f3n para el dise\u00f1o de procesos educativos con enfoque de g\u00e9nero y enfoque feminista Ver M\u00e1s Asesor\u00eda y acompa\u00f1amiento en construcci\u00f3n en rutas de prevenci\u00f3n\u2026\" \/>\n<meta property=\"og:url\" content=\"https:\/\/vamosmujer.org.co\/sitio\/servicios\/\" \/>\n<meta property=\"og:site_name\" content=\"Corporaci\u00f3n Vamos Mujer\" \/>\n<meta property=\"article:publisher\" content=\"https:\/\/www.facebook.com\/corporacionvamosmujer\/\" \/>\n<meta property=\"article:modified_time\" content=\"2022-05-25T20:21:24+00:00\" \/>\n<meta name=\"twitter:card\" content=\"summary_large_image\" \/>\n<meta name=\"twitter:site\" content=\"@vamosmujer\" \/>\n<meta name=\"twitter:label1\" content=\"Tiempo estimado de lectura\" \/>\n\t<meta name=\"twitter:data1\" content=\"1 minuto\" \/>\n<script type=\"application\/ld+json\" class=\"yoast-schema-graph\">{\"@context\":\"https:\/\/schema.org\",\"@graph\":[{\"@type\":\"WebPage\",\"@id\":\"https:\/\/vamosmujer.org.co\/sitio\/servicios\/\",\"url\":\"https:\/\/vamosmujer.org.co\/sitio\/servicios\/\",\"name\":\"Nuestros Servicios - Corporaci\u00f3n Vamos Mujer\",\"isPartOf\":{\"@id\":\"https:\/\/vamosmujer.org.co\/sitio\/#website\"},\"datePublished\":\"2021-01-25T12:15:40+00:00\",\"dateModified\":\"2022-05-25T20:21:24+00:00\",\"breadcrumb\":{\"@id\":\"https:\/\/vamosmujer.org.co\/sitio\/servicios\/#breadcrumb\"},\"inLanguage\":\"es-CO\",\"potentialAction\":[{\"@type\":\"ReadAction\",\"target\":[\"https:\/\/vamosmujer.org.co\/sitio\/servicios\/\"]}]},{\"@type\":\"BreadcrumbList\",\"@id\":\"https:\/\/vamosmujer.org.co\/sitio\/servicios\/#breadcrumb\",\"itemListElement\":[{\"@type\":\"ListItem\",\"position\":1,\"name\":\"Inicio\",\"item\":\"https:\/\/vamosmujer.org.co\/sitio\/\"},{\"@type\":\"ListItem\",\"position\":2,\"name\":\"Nuestros Servicios\"}]},{\"@type\":\"WebSite\",\"@id\":\"https:\/\/vamosmujer.org.co\/sitio\/#website\",\"url\":\"https:\/\/vamosmujer.org.co\/sitio\/\",\"name\":\"Corporaci\u00f3n Vamos Mujer\",\"description\":\"Vamos Mujer\",\"publisher\":{\"@id\":\"https:\/\/vamosmujer.org.co\/sitio\/#organization\"},\"potentialAction\":[{\"@type\":\"SearchAction\",\"target\":{\"@type\":\"EntryPoint\",\"urlTemplate\":\"https:\/\/vamosmujer.org.co\/sitio\/?s={search_term_string}\"},\"query-input\":\"required name=search_term_string\"}],\"inLanguage\":\"es-CO\"},{\"@type\":\"Organization\",\"@id\":\"https:\/\/vamosmujer.org.co\/sitio\/#organization\",\"name\":\"Corporaci\u00f3n Vamos Mujer\",\"url\":\"https:\/\/vamosmujer.org.co\/sitio\/\",\"logo\":{\"@type\":\"ImageObject\",\"inLanguage\":\"es-CO\",\"@id\":\"https:\/\/vamosmujer.org.co\/sitio\/#\/schema\/logo\/image\/\",\"url\":\"https:\/\/vamosmujer.org.co\/sitio\/wp-content\/uploads\/2020\/10\/logo_vamos-07.png\",\"contentUrl\":\"https:\/\/vamosmujer.org.co\/sitio\/wp-content\/uploads\/2020\/10\/logo_vamos-07.png\",\"width\":911,\"height\":231,\"caption\":\"Corporaci\u00f3n Vamos Mujer\"},\"image\":{\"@id\":\"https:\/\/vamosmujer.org.co\/sitio\/#\/schema\/logo\/image\/\"},\"sameAs\":[\"https:\/\/www.facebook.com\/corporacionvamosmujer\/\",\"https:\/\/twitter.com\/vamosmujer\",\"https:\/\/www.instagram.com\/corporacionvamosmujer\/\",\"https:\/\/www.youtube.com\/channel\/UCAc-qitYba-Hv0QWSaB04pA\/featured\"]}]}<\/script>\n<!-- \/ Yoast SEO plugin. -->","yoast_head_json":{"title":"Nuestros Servicios - Corporaci\u00f3n Vamos Mujer","robots":{"index":"index","follow":"follow","max-snippet":"max-snippet:-1","max-image-preview":"max-image-preview:large","max-video-preview":"max-video-preview:-1"},"canonical":"https:\/\/vamosmujer.org.co\/sitio\/servicios\/","og_locale":"es_ES","og_type":"article","og_title":"Nuestros Servicios - Corporaci\u00f3n Vamos Mujer","og_description":"Nuestros Servicios Asesor\u00eda para la planeaci\u00f3n y elaboraci\u00f3n de proyectos con enfoque de g\u00e9nero y enfoque feminista Ver M\u00e1s Asesor\u00eda en transversalizaci\u00f3n institucional del enfoque de g\u00e9nero y enfoque feminista Ver M\u00e1s Asesor\u00eda, formaci\u00f3n y capacitaci\u00f3n para el dise\u00f1o de procesos educativos con enfoque de g\u00e9nero y enfoque feminista Ver M\u00e1s Asesor\u00eda y acompa\u00f1amiento en construcci\u00f3n en rutas de prevenci\u00f3n\u2026","og_url":"https:\/\/vamosmujer.org.co\/sitio\/servicios\/","og_site_name":"Corporaci\u00f3n Vamos Mujer","article_publisher":"https:\/\/www.facebook.com\/corporacionvamosmujer\/","article_modified_time":"2022-05-25T20:21:24+00:00","twitter_card":"summary_large_image","twitter_site":"@vamosmujer","twitter_misc":{"Tiempo estimado de lectura":"1 minuto"},"schema":{"@context":"https:\/\/schema.org","@graph":[{"@type":"WebPage","@id":"https:\/\/vamosmujer.org.co\/sitio\/servicios\/","url":"https:\/\/vamosmujer.org.co\/sitio\/servicios\/","name":"Nuestros Servicios - Corporaci\u00f3n Vamos Mujer","isPartOf":{"@id":"https:\/\/vamosmujer.org.co\/sitio\/#website"},"datePublished":"2021-01-25T12:15:40+00:00","dateModified":"2022-05-25T20:21:24+00:00","breadcrumb":{"@id":"https:\/\/vamosmujer.org.co\/sitio\/servicios\/#breadcrumb"},"inLanguage":"es-CO","potentialAction":[{"@type":"ReadAction","target":["https:\/\/vamosmujer.org.co\/sitio\/servicios\/"]}]},{"@type":"BreadcrumbList","@id":"https:\/\/vamosmujer.org.co\/sitio\/servicios\/#breadcrumb","itemListElement":[{"@type":"ListItem","position":1,"name":"Inicio","item":"https:\/\/vamosmujer.org.co\/sitio\/"},{"@type":"ListItem","position":2,"name":"Nuestros Servicios"}]},{"@type":"WebSite","@id":"https:\/\/vamosmujer.org.co\/sitio\/#website","url":"https:\/\/vamosmujer.org.co\/sitio\/","name":"Corporaci\u00f3n Vamos Mujer","description":"Vamos Mujer","publisher":{"@id":"https:\/\/vamosmujer.org.co\/sitio\/#organization"},"potentialAction":[{"@type":"SearchAction","target":{"@type":"EntryPoint","urlTemplate":"https:\/\/vamosmujer.org.co\/sitio\/?s={search_term_string}"},"query-input":"required name=search_term_string"}],"inLanguage":"es-CO"},{"@type":"Organization","@id":"https:\/\/vamosmujer.org.co\/sitio\/#organization","name":"Corporaci\u00f3n Vamos Mujer","url":"https:\/\/vamosmujer.org.co\/sitio\/","logo":{"@type":"ImageObject","inLanguage":"es-CO","@id":"https:\/\/vamosmujer.org.co\/sitio\/#\/schema\/logo\/image\/","url":"https:\/\/vamosmujer.org.co\/sitio\/wp-content\/uploads\/2020\/10\/logo_vamos-07.png","contentUrl":"https:\/\/vamosmujer.org.co\/sitio\/wp-content\/uploads\/2020\/10\/logo_vamos-07.png","width":911,"height":231,"caption":"Corporaci\u00f3n Vamos Mujer"},"image":{"@id":"https:\/\/vamosmujer.org.co\/sitio\/#\/schema\/logo\/image\/"},"sameAs":["https:\/\/www.facebook.com\/corporacionvamosmujer\/","https:\/\/twitter.com\/vamosmujer","https:\/\/www.instagram.com\/corporacionvamosmujer\/","https:\/\/www.youtube.com\/channel\/UCAc-qitYba-Hv0QWSaB04pA\/featured"]}]}},"_links":{"self":[{"href":"https:\/\/vamosmujer.org.co\/sitio\/wp-json\/wp\/v2\/pages\/3647"}],"collection":[{"href":"https:\/\/vamosmujer.org.co\/sitio\/wp-json\/wp\/v2\/pages"}],"about":[{"href":"https:\/\/vamosmujer.org.co\/sitio\/wp-json\/wp\/v2\/types\/page"}],"author":[{"embeddable":true,"href":"https:\/\/vamosmujer.org.co\/sitio\/wp-json\/wp\/v2\/users\/2"}],"replies":[{"embeddable":true,"href":"https:\/\/vamosmujer.org.co\/sitio\/wp-json\/wp\/v2\/comments?post=3647"}],"version-history":[{"count":47,"href":"https:\/\/vamosmujer.org.co\/sitio\/wp-json\/wp\/v2\/pages\/3647\/revisions"}],"predecessor-version":[{"id":10437,"href":"https:\/\/vamosmujer.org.co\/sitio\/wp-json\/wp\/v2\/pages\/3647\/revisions\/10437"}],"wp:attachment":[{"href":"https:\/\/vamosmujer.org.co\/sitio\/wp-json\/wp\/v2\/media?parent=3647"}],"curies":[{"name":"wp","href":"https:\/\/api.w.org\/{rel}","templated":true}]}}