{"id":3668,"date":"2021-01-25T07:19:51","date_gmt":"2021-01-25T12:19:51","guid":{"rendered":"https:\/\/nyture.novaworks.net\/?page_id=3573"},"modified":"2022-05-25T15:18:58","modified_gmt":"2022-05-25T20:18:58","slug":"movimiento-lila","status":"publish","type":"page","link":"https:\/\/vamosmujer.org.co\/sitio\/productoras\/movimiento-lila\/","title":{"rendered":"Red de Productoras Las Lilas"},"content":{"rendered":"\t\t<div data-elementor-type=\"wp-page\" data-elementor-id=\"3668\" class=\"elementor elementor-3668\">\n\t\t\t\t\t\t<section class=\"elementor-section elementor-top-section elementor-element elementor-element-f0e8b4e elementor-section-full_width elementor-section-stretched elementor-section-height-default elementor-section-height-default\" data-id=\"f0e8b4e\" data-element_type=\"section\" data-settings=\"{&quot;stretch_section&quot;:&quot;section-stretched&quot;}\">\n\t\t\t\t\t\t<div class=\"elementor-container elementor-column-gap-no\">\n\t\t\t\t\t<div class=\"elementor-column elementor-col-100 elementor-top-column elementor-element elementor-element-36583f2\" data-id=\"36583f2\" data-element_type=\"column\">\n\t\t\t<div class=\"elementor-widget-wrap elementor-element-populated\">\n\t\t\t\t\t\t\t<\/div>\n\t\t<\/div>\n\t\t\t\t\t<\/div>\n\t\t<\/section>\n\t\t\t\t<section class=\"elementor-section elementor-top-section elementor-element elementor-element-404f734 titulo elementor-section-boxed elementor-section-height-default elementor-section-height-default\" data-id=\"404f734\" data-element_type=\"section\">\n\t\t\t\t\t\t<div class=\"elementor-container elementor-column-gap-default\">\n\t\t\t\t\t<div class=\"elementor-column elementor-col-100 elementor-top-column elementor-element elementor-element-662dcf6\" data-id=\"662dcf6\" data-element_type=\"column\">\n\t\t\t<div class=\"elementor-widget-wrap elementor-element-populated\">\n\t\t\t\t\t\t<div class=\"elementor-element elementor-element-84b2414 elementor-widget elementor-widget-spacer\" data-id=\"84b2414\" data-element_type=\"widget\" data-widget_type=\"spacer.default\">\n\t\t\t\t<div class=\"elementor-widget-container\">\n\t\t\t\t\t<div class=\"elementor-spacer\">\n\t\t\t<div class=\"elementor-spacer-inner\"><\/div>\n\t\t<\/div>\n\t\t\t\t<\/div>\n\t\t\t\t<\/div>\n\t\t\t\t<div class=\"elementor-element elementor-element-c4b47de elementor-widget elementor-widget-heading\" data-id=\"c4b47de\" data-element_type=\"widget\" data-widget_type=\"heading.default\">\n\t\t\t\t<div class=\"elementor-widget-container\">\n\t\t\t<h2 class=\"elementor-heading-title elementor-size-default\">Red de Mujeres Productoras de Antioquia Las Lilas<\/h2>\t\t<\/div>\n\t\t\t\t<\/div>\n\t\t\t\t<div class=\"elementor-element elementor-element-ad51de7 parrafo elementor-widget elementor-widget-text-editor\" data-id=\"ad51de7\" data-element_type=\"widget\" data-widget_type=\"text-editor.default\">\n\t\t\t\t<div class=\"elementor-widget-container\">\n\t\t\t\t\t\t\t<p>La colecci\u00f3n <strong>\u201cMovimiento Lila\u201d<\/strong> es una de las estrategias para la promoci\u00f3n, posicionamiento y comercializaci\u00f3n de las producciones de mujeres populares, rurales y campesinas de los territorios del Nordeste Antioque\u00f1o y la ciudad de Medell\u00edn.<\/p>\t\t\t\t\t\t<\/div>\n\t\t\t\t<\/div>\n\t\t\t\t\t<\/div>\n\t\t<\/div>\n\t\t\t\t\t<\/div>\n\t\t<\/section>\n\t\t\t\t<section class=\"elementor-section elementor-top-section elementor-element elementor-element-4aad350 elementor-section-boxed elementor-section-height-default elementor-section-height-default\" data-id=\"4aad350\" data-element_type=\"section\" data-settings=\"{&quot;background_background&quot;:&quot;classic&quot;}\">\n\t\t\t\t\t\t<div class=\"elementor-container elementor-column-gap-default\">\n\t\t\t\t\t<div class=\"elementor-column elementor-col-50 elementor-top-column elementor-element elementor-element-ed3cc42\" data-id=\"ed3cc42\" data-element_type=\"column\">\n\t\t\t<div class=\"elementor-widget-wrap\">\n\t\t\t\t\t\t\t<\/div>\n\t\t<\/div>\n\t\t\t\t<div class=\"elementor-column elementor-col-50 elementor-top-column elementor-element elementor-element-583ccff\" data-id=\"583ccff\" data-element_type=\"column\">\n\t\t\t<div class=\"elementor-widget-wrap\">\n\t\t\t\t\t\t\t<\/div>\n\t\t<\/div>\n\t\t\t\t\t<\/div>\n\t\t<\/section>\n\t\t\t\t<section class=\"elementor-section elementor-top-section elementor-element elementor-element-bb21ecf elementor-section-boxed elementor-section-height-default elementor-section-height-default\" data-id=\"bb21ecf\" data-element_type=\"section\">\n\t\t\t\t\t\t<div class=\"elementor-container elementor-column-gap-default\">\n\t\t\t\t\t<div class=\"elementor-column elementor-col-100 elementor-top-column elementor-element elementor-element-281d8e0\" data-id=\"281d8e0\" data-element_type=\"column\">\n\t\t\t<div class=\"elementor-widget-wrap elementor-element-populated\">\n\t\t\t\t\t\t<div class=\"elementor-element elementor-element-42f9b9a elementor-widget elementor-widget-spacer\" data-id=\"42f9b9a\" data-element_type=\"widget\" data-widget_type=\"spacer.default\">\n\t\t\t\t<div class=\"elementor-widget-container\">\n\t\t\t\t\t<div class=\"elementor-spacer\">\n\t\t\t<div class=\"elementor-spacer-inner\"><\/div>\n\t\t<\/div>\n\t\t\t\t<\/div>\n\t\t\t\t<\/div>\n\t\t\t\t\t<\/div>\n\t\t<\/div>\n\t\t\t\t\t<\/div>\n\t\t<\/section>\n\t\t\t\t<\/div>\n\t\t","protected":false},"excerpt":{"rendered":"<p>Red de Mujeres Productoras de Antioquia Las Lilas La colecci\u00f3n \u201cMovimiento Lila\u201d es una de las estrategias para la promoci\u00f3n, posicionamiento y comercializaci\u00f3n de las producciones de mujeres populares, rurales y campesinas de los territorios del Nordeste Antioque\u00f1o y la ciudad de Medell\u00edn.<\/p>\n","protected":false},"author":2,"featured_media":0,"parent":7234,"menu_order":0,"comment_status":"closed","ping_status":"closed","template":"","meta":{"pgc_meta":"","footnotes":""},"class_list":["post-3668","page","type-page","status-publish","hentry"],"pgc_meta":"","yoast_head":"<!-- This site is optimized with the Yoast SEO plugin v22.4 - https:\/\/yoast.com\/wordpress\/plugins\/seo\/ -->\n<title>Red de Productoras Las Lilas - Corporaci\u00f3n Vamos Mujer<\/title>\n<meta name=\"description\" content=\"La Red de Productoras de Antioquia Las Lilas es una iniciativa de producci\u00f3n de mujeres organizadas en tres l\u00edneas de trabajo: alimentos, textiles y artesan\u00edas.\" \/>\n<meta name=\"robots\" content=\"index, follow, max-snippet:-1, max-image-preview:large, max-video-preview:-1\" \/>\n<link rel=\"canonical\" href=\"https:\/\/vamosmujer.org.co\/sitio\/productoras\/movimiento-lila\/\" \/>\n<meta property=\"og:locale\" content=\"es_ES\" \/>\n<meta property=\"og:type\" content=\"article\" \/>\n<meta property=\"og:title\" content=\"Red de Productoras Las Lilas - Corporaci\u00f3n Vamos Mujer\" \/>\n<meta property=\"og:description\" content=\"La Red de Productoras de Antioquia Las Lilas es una iniciativa de producci\u00f3n de mujeres organizadas en tres l\u00edneas de trabajo: alimentos, textiles y artesan\u00edas.\" \/>\n<meta property=\"og:url\" content=\"https:\/\/vamosmujer.org.co\/sitio\/productoras\/movimiento-lila\/\" \/>\n<meta property=\"og:site_name\" content=\"Corporaci\u00f3n Vamos Mujer\" \/>\n<meta property=\"article:publisher\" content=\"https:\/\/www.facebook.com\/corporacionvamosmujer\/\" \/>\n<meta property=\"article:modified_time\" content=\"2022-05-25T20:18:58+00:00\" \/>\n<meta name=\"twitter:card\" content=\"summary_large_image\" \/>\n<meta name=\"twitter:site\" content=\"@vamosmujer\" \/>\n<meta name=\"twitter:label1\" content=\"Tiempo estimado de lectura\" \/>\n\t<meta name=\"twitter:data1\" content=\"1 minuto\" \/>\n<script type=\"application\/ld+json\" class=\"yoast-schema-graph\">{\"@context\":\"https:\/\/schema.org\",\"@graph\":[{\"@type\":\"WebPage\",\"@id\":\"https:\/\/vamosmujer.org.co\/sitio\/productoras\/movimiento-lila\/\",\"url\":\"https:\/\/vamosmujer.org.co\/sitio\/productoras\/movimiento-lila\/\",\"name\":\"Red de Productoras Las Lilas - Corporaci\u00f3n Vamos Mujer\",\"isPartOf\":{\"@id\":\"https:\/\/vamosmujer.org.co\/sitio\/#website\"},\"datePublished\":\"2021-01-25T12:19:51+00:00\",\"dateModified\":\"2022-05-25T20:18:58+00:00\",\"description\":\"La Red de Productoras de Antioquia Las Lilas es una iniciativa de producci\u00f3n de mujeres organizadas en tres l\u00edneas de trabajo: alimentos, textiles y artesan\u00edas.\",\"breadcrumb\":{\"@id\":\"https:\/\/vamosmujer.org.co\/sitio\/productoras\/movimiento-lila\/#breadcrumb\"},\"inLanguage\":\"es-CO\",\"potentialAction\":[{\"@type\":\"ReadAction\",\"target\":[\"https:\/\/vamosmujer.org.co\/sitio\/productoras\/movimiento-lila\/\"]}]},{\"@type\":\"BreadcrumbList\",\"@id\":\"https:\/\/vamosmujer.org.co\/sitio\/productoras\/movimiento-lila\/#breadcrumb\",\"itemListElement\":[{\"@type\":\"ListItem\",\"position\":1,\"name\":\"Inicio\",\"item\":\"https:\/\/vamosmujer.org.co\/sitio\/\"},{\"@type\":\"ListItem\",\"position\":2,\"name\":\"Productoras\",\"item\":\"https:\/\/vamosmujer.org.co\/sitio\/productoras\/\"},{\"@type\":\"ListItem\",\"position\":3,\"name\":\"Red de Productoras Las Lilas\"}]},{\"@type\":\"WebSite\",\"@id\":\"https:\/\/vamosmujer.org.co\/sitio\/#website\",\"url\":\"https:\/\/vamosmujer.org.co\/sitio\/\",\"name\":\"Corporaci\u00f3n Vamos Mujer\",\"description\":\"Vamos Mujer\",\"publisher\":{\"@id\":\"https:\/\/vamosmujer.org.co\/sitio\/#organization\"},\"potentialAction\":[{\"@type\":\"SearchAction\",\"target\":{\"@type\":\"EntryPoint\",\"urlTemplate\":\"https:\/\/vamosmujer.org.co\/sitio\/?s={search_term_string}\"},\"query-input\":\"required name=search_term_string\"}],\"inLanguage\":\"es-CO\"},{\"@type\":\"Organization\",\"@id\":\"https:\/\/vamosmujer.org.co\/sitio\/#organization\",\"name\":\"Corporaci\u00f3n Vamos Mujer\",\"url\":\"https:\/\/vamosmujer.org.co\/sitio\/\",\"logo\":{\"@type\":\"ImageObject\",\"inLanguage\":\"es-CO\",\"@id\":\"https:\/\/vamosmujer.org.co\/sitio\/#\/schema\/logo\/image\/\",\"url\":\"https:\/\/vamosmujer.org.co\/sitio\/wp-content\/uploads\/2020\/10\/logo_vamos-07.png\",\"contentUrl\":\"https:\/\/vamosmujer.org.co\/sitio\/wp-content\/uploads\/2020\/10\/logo_vamos-07.png\",\"width\":911,\"height\":231,\"caption\":\"Corporaci\u00f3n Vamos Mujer\"},\"image\":{\"@id\":\"https:\/\/vamosmujer.org.co\/sitio\/#\/schema\/logo\/image\/\"},\"sameAs\":[\"https:\/\/www.facebook.com\/corporacionvamosmujer\/\",\"https:\/\/twitter.com\/vamosmujer\",\"https:\/\/www.instagram.com\/corporacionvamosmujer\/\",\"https:\/\/www.youtube.com\/channel\/UCAc-qitYba-Hv0QWSaB04pA\/featured\"]}]}<\/script>\n<!-- \/ Yoast SEO plugin. -->","yoast_head_json":{"title":"Red de Productoras Las Lilas - Corporaci\u00f3n Vamos Mujer","description":"La Red de Productoras de Antioquia Las Lilas es una iniciativa de producci\u00f3n de mujeres organizadas en tres l\u00edneas de trabajo: alimentos, textiles y artesan\u00edas.","robots":{"index":"index","follow":"follow","max-snippet":"max-snippet:-1","max-image-preview":"max-image-preview:large","max-video-preview":"max-video-preview:-1"},"canonical":"https:\/\/vamosmujer.org.co\/sitio\/productoras\/movimiento-lila\/","og_locale":"es_ES","og_type":"article","og_title":"Red de Productoras Las Lilas - Corporaci\u00f3n Vamos Mujer","og_description":"La Red de Productoras de Antioquia Las Lilas es una iniciativa de producci\u00f3n de mujeres organizadas en tres l\u00edneas de trabajo: alimentos, textiles y artesan\u00edas.","og_url":"https:\/\/vamosmujer.org.co\/sitio\/productoras\/movimiento-lila\/","og_site_name":"Corporaci\u00f3n Vamos Mujer","article_publisher":"https:\/\/www.facebook.com\/corporacionvamosmujer\/","article_modified_time":"2022-05-25T20:18:58+00:00","twitter_card":"summary_large_image","twitter_site":"@vamosmujer","twitter_misc":{"Tiempo estimado de lectura":"1 minuto"},"schema":{"@context":"https:\/\/schema.org","@graph":[{"@type":"WebPage","@id":"https:\/\/vamosmujer.org.co\/sitio\/productoras\/movimiento-lila\/","url":"https:\/\/vamosmujer.org.co\/sitio\/productoras\/movimiento-lila\/","name":"Red de Productoras Las Lilas - Corporaci\u00f3n Vamos Mujer","isPartOf":{"@id":"https:\/\/vamosmujer.org.co\/sitio\/#website"},"datePublished":"2021-01-25T12:19:51+00:00","dateModified":"2022-05-25T20:18:58+00:00","description":"La Red de Productoras de Antioquia Las Lilas es una iniciativa de producci\u00f3n de mujeres organizadas en tres l\u00edneas de trabajo: alimentos, textiles y artesan\u00edas.","breadcrumb":{"@id":"https:\/\/vamosmujer.org.co\/sitio\/productoras\/movimiento-lila\/#breadcrumb"},"inLanguage":"es-CO","potentialAction":[{"@type":"ReadAction","target":["https:\/\/vamosmujer.org.co\/sitio\/productoras\/movimiento-lila\/"]}]},{"@type":"BreadcrumbList","@id":"https:\/\/vamosmujer.org.co\/sitio\/productoras\/movimiento-lila\/#breadcrumb","itemListElement":[{"@type":"ListItem","position":1,"name":"Inicio","item":"https:\/\/vamosmujer.org.co\/sitio\/"},{"@type":"ListItem","position":2,"name":"Productoras","item":"https:\/\/vamosmujer.org.co\/sitio\/productoras\/"},{"@type":"ListItem","position":3,"name":"Red de Productoras Las Lilas"}]},{"@type":"WebSite","@id":"https:\/\/vamosmujer.org.co\/sitio\/#website","url":"https:\/\/vamosmujer.org.co\/sitio\/","name":"Corporaci\u00f3n Vamos Mujer","description":"Vamos Mujer","publisher":{"@id":"https:\/\/vamosmujer.org.co\/sitio\/#organization"},"potentialAction":[{"@type":"SearchAction","target":{"@type":"EntryPoint","urlTemplate":"https:\/\/vamosmujer.org.co\/sitio\/?s={search_term_string}"},"query-input":"required name=search_term_string"}],"inLanguage":"es-CO"},{"@type":"Organization","@id":"https:\/\/vamosmujer.org.co\/sitio\/#organization","name":"Corporaci\u00f3n Vamos Mujer","url":"https:\/\/vamosmujer.org.co\/sitio\/","logo":{"@type":"ImageObject","inLanguage":"es-CO","@id":"https:\/\/vamosmujer.org.co\/sitio\/#\/schema\/logo\/image\/","url":"https:\/\/vamosmujer.org.co\/sitio\/wp-content\/uploads\/2020\/10\/logo_vamos-07.png","contentUrl":"https:\/\/vamosmujer.org.co\/sitio\/wp-content\/uploads\/2020\/10\/logo_vamos-07.png","width":911,"height":231,"caption":"Corporaci\u00f3n Vamos Mujer"},"image":{"@id":"https:\/\/vamosmujer.org.co\/sitio\/#\/schema\/logo\/image\/"},"sameAs":["https:\/\/www.facebook.com\/corporacionvamosmujer\/","https:\/\/twitter.com\/vamosmujer","https:\/\/www.instagram.com\/corporacionvamosmujer\/","https:\/\/www.youtube.com\/channel\/UCAc-qitYba-Hv0QWSaB04pA\/featured"]}]}},"_links":{"self":[{"href":"https:\/\/vamosmujer.org.co\/sitio\/wp-json\/wp\/v2\/pages\/3668"}],"collection":[{"href":"https:\/\/vamosmujer.org.co\/sitio\/wp-json\/wp\/v2\/pages"}],"about":[{"href":"https:\/\/vamosmujer.org.co\/sitio\/wp-json\/wp\/v2\/types\/page"}],"author":[{"embeddable":true,"href":"https:\/\/vamosmujer.org.co\/sitio\/wp-json\/wp\/v2\/users\/2"}],"replies":[{"embeddable":true,"href":"https:\/\/vamosmujer.org.co\/sitio\/wp-json\/wp\/v2\/comments?post=3668"}],"version-history":[{"count":21,"href":"https:\/\/vamosmujer.org.co\/sitio\/wp-json\/wp\/v2\/pages\/3668\/revisions"}],"predecessor-version":[{"id":9546,"href":"https:\/\/vamosmujer.org.co\/sitio\/wp-json\/wp\/v2\/pages\/3668\/revisions\/9546"}],"up":[{"embeddable":true,"href":"https:\/\/vamosmujer.org.co\/sitio\/wp-json\/wp\/v2\/pages\/7234"}],"wp:attachment":[{"href":"https:\/\/vamosmujer.org.co\/sitio\/wp-json\/wp\/v2\/media?parent=3668"}],"curies":[{"name":"wp","href":"https:\/\/api.w.org\/{rel}","templated":true}]}}