{"id":7234,"date":"2021-06-03T06:27:13","date_gmt":"2021-06-03T11:27:13","guid":{"rendered":"https:\/\/vamosmujer.org.co\/sitio\/\/?page_id=7234"},"modified":"2022-05-25T15:25:04","modified_gmt":"2022-05-25T20:25:04","slug":"productoras","status":"publish","type":"page","link":"https:\/\/vamosmujer.org.co\/sitio\/productoras\/","title":{"rendered":"Productoras"},"content":{"rendered":"\t\t<div data-elementor-type=\"wp-page\" data-elementor-id=\"7234\" class=\"elementor elementor-7234\">\n\t\t\t\t\t\t<section class=\"elementor-section elementor-top-section elementor-element elementor-element-aa2d463 elementor-section-stretched elementor-section-boxed elementor-section-height-default elementor-section-height-default\" data-id=\"aa2d463\" data-element_type=\"section\" data-settings=\"{&quot;stretch_section&quot;:&quot;section-stretched&quot;,&quot;background_background&quot;:&quot;classic&quot;}\">\n\t\t\t\t\t\t<div class=\"elementor-container elementor-column-gap-default\">\n\t\t\t\t\t<div class=\"elementor-column elementor-col-33 elementor-top-column elementor-element elementor-element-62e2e5d\" data-id=\"62e2e5d\" data-element_type=\"column\">\n\t\t\t<div class=\"elementor-widget-wrap elementor-element-populated\">\n\t\t\t\t\t\t<div class=\"elementor-element elementor-element-62dd456 elementor-widget elementor-widget-heading\" data-id=\"62dd456\" data-element_type=\"widget\" data-widget_type=\"heading.default\">\n\t\t\t\t<div class=\"elementor-widget-container\">\n\t\t\t<h2 class=\"elementor-heading-title elementor-size-default\">Productoras<\/h2>\t\t<\/div>\n\t\t\t\t<\/div>\n\t\t\t\t\t<\/div>\n\t\t<\/div>\n\t\t\t\t<div class=\"elementor-column elementor-col-66 elementor-top-column elementor-element elementor-element-b77f16f\" data-id=\"b77f16f\" data-element_type=\"column\" data-settings=\"{&quot;background_background&quot;:&quot;classic&quot;}\">\n\t\t\t<div class=\"elementor-widget-wrap\">\n\t\t\t\t\t\t\t<\/div>\n\t\t<\/div>\n\t\t\t\t\t<\/div>\n\t\t<\/section>\n\t\t\t\t<section class=\"elementor-section elementor-top-section elementor-element elementor-element-a4f3d8c elementor-section-boxed elementor-section-height-default elementor-section-height-default\" data-id=\"a4f3d8c\" data-element_type=\"section\">\n\t\t\t\t\t\t<div class=\"elementor-container elementor-column-gap-default\">\n\t\t\t\t\t<div class=\"elementor-column elementor-col-100 elementor-top-column elementor-element elementor-element-adc7c78\" data-id=\"adc7c78\" data-element_type=\"column\">\n\t\t\t<div class=\"elementor-widget-wrap elementor-element-populated\">\n\t\t\t\t\t\t<div class=\"elementor-element elementor-element-90667b8 elementor-widget elementor-widget-spacer\" data-id=\"90667b8\" data-element_type=\"widget\" data-widget_type=\"spacer.default\">\n\t\t\t\t<div class=\"elementor-widget-container\">\n\t\t\t\t\t<div class=\"elementor-spacer\">\n\t\t\t<div class=\"elementor-spacer-inner\"><\/div>\n\t\t<\/div>\n\t\t\t\t<\/div>\n\t\t\t\t<\/div>\n\t\t\t\t<div class=\"elementor-element elementor-element-9c01d4f elementor-widget elementor-widget-heading\" data-id=\"9c01d4f\" data-element_type=\"widget\" data-widget_type=\"heading.default\">\n\t\t\t\t<div class=\"elementor-widget-container\">\n\t\t\t<h2 class=\"elementor-heading-title elementor-size-default\">\u00bfQu\u00e9 son las productoras?<\/h2>\t\t<\/div>\n\t\t\t\t<\/div>\n\t\t\t\t<div class=\"elementor-element elementor-element-b674eac elementor-widget elementor-widget-text-editor\" data-id=\"b674eac\" data-element_type=\"widget\" data-widget_type=\"text-editor.default\">\n\t\t\t\t<div class=\"elementor-widget-container\">\n\t\t\t\t\t\t\t<p><span data-contrast=\"auto\">Como un eje central del trabajo de la Corporaci\u00f3n Vamos Mujer por la Autonom\u00eda Econ\u00f3mica de las Mujeres, consideramos central reconocer los haceres y producciones que d\u00eda a d\u00eda realizan las mujeres para su sustento econ\u00f3mico. <\/span><\/p><p><span data-contrast=\"auto\">Por eso, este espacio busca visibilizar los diferentes productos que las mujeres de los procesos de la organizaci\u00f3n cosechan y\/o fabrican. Aqu\u00ed podr\u00e1s reconocer el proceso articulado de la Red de Productoras de Antioquia Las Lilas, tambi\u00e9n a las productoras del Oriente y Nordeste Antioque\u00f1o que han sido parte de los procesos desarrollados con la corporaci\u00f3n.<\/span><span data-ccp-props=\"{\">\u00a0<\/span><\/p>\t\t\t\t\t\t<\/div>\n\t\t\t\t<\/div>\n\t\t\t\t\t<\/div>\n\t\t<\/div>\n\t\t\t\t\t<\/div>\n\t\t<\/section>\n\t\t\t\t<section class=\"elementor-section elementor-top-section elementor-element elementor-element-6d38a59 elementor-section-boxed elementor-section-height-default elementor-section-height-default\" data-id=\"6d38a59\" data-element_type=\"section\">\n\t\t\t\t\t\t<div class=\"elementor-container elementor-column-gap-default\">\n\t\t\t\t\t<div class=\"elementor-column elementor-col-100 elementor-top-column elementor-element elementor-element-a9bf3fd\" data-id=\"a9bf3fd\" data-element_type=\"column\">\n\t\t\t<div class=\"elementor-widget-wrap elementor-element-populated\">\n\t\t\t\t\t\t<div class=\"elementor-element elementor-element-bd1c8ea elementor-widget elementor-widget-heading\" data-id=\"bd1c8ea\" data-element_type=\"widget\" data-widget_type=\"heading.default\">\n\t\t\t\t<div class=\"elementor-widget-container\">\n\t\t\t<h2 class=\"elementor-heading-title elementor-size-default\">Visita<\/h2>\t\t<\/div>\n\t\t\t\t<\/div>\n\t\t\t\t\t<\/div>\n\t\t<\/div>\n\t\t\t\t\t<\/div>\n\t\t<\/section>\n\t\t\t\t<section class=\"elementor-section elementor-top-section elementor-element elementor-element-9e8716b elementor-section-boxed elementor-section-height-default elementor-section-height-default\" data-id=\"9e8716b\" data-element_type=\"section\">\n\t\t\t\t\t\t<div class=\"elementor-container elementor-column-gap-default\">\n\t\t\t\t\t<div class=\"elementor-column elementor-col-50 elementor-top-column elementor-element elementor-element-4c7d12f\" data-id=\"4c7d12f\" data-element_type=\"column\">\n\t\t\t<div class=\"elementor-widget-wrap elementor-element-populated\">\n\t\t\t\t\t\t<div class=\"elementor-element elementor-element-cf039d9 elementor-widget elementor-widget-image\" data-id=\"cf039d9\" data-element_type=\"widget\" data-widget_type=\"image.default\">\n\t\t\t\t<div class=\"elementor-widget-container\">\n\t\t\t\t\t\t\t\t\t\t\t\t\t\t<a href=\"https:\/\/vamosmujer.org.co\/sitio\/movimiento-lila\/\">\n\t\t\t\t\t\t\t<img fetchpriority=\"high\" decoding=\"async\" width=\"1024\" height=\"750\" src=\"https:\/\/vamosmujer.org.co\/sitio\/wp-content\/uploads\/2022\/05\/Lila_Mesa-de-trabajo-1-1024x750.jpg\" class=\"attachment-large size-large wp-image-9385\" alt=\"\" srcset=\"https:\/\/vamosmujer.org.co\/sitio\/wp-content\/uploads\/2022\/05\/Lila_Mesa-de-trabajo-1-1024x750.jpg 1024w, https:\/\/vamosmujer.org.co\/sitio\/wp-content\/uploads\/2022\/05\/Lila_Mesa-de-trabajo-1-300x220.jpg 300w\" sizes=\"(max-width: 1024px) 100vw, 1024px\" \/>\t\t\t\t\t\t\t\t<\/a>\n\t\t\t\t\t\t\t\t\t\t\t\t\t<\/div>\n\t\t\t\t<\/div>\n\t\t\t\t<div class=\"elementor-element elementor-element-dae3d40 elementor-widget elementor-widget-heading\" data-id=\"dae3d40\" data-element_type=\"widget\" data-widget_type=\"heading.default\">\n\t\t\t\t<div class=\"elementor-widget-container\">\n\t\t\t<h2 class=\"elementor-heading-title elementor-size-default\">Red de productoras Las Lilas<\/h2>\t\t<\/div>\n\t\t\t\t<\/div>\n\t\t\t\t<div class=\"elementor-element elementor-element-f49bf29 elementor-widget elementor-widget-text-editor\" data-id=\"f49bf29\" data-element_type=\"widget\" data-widget_type=\"text-editor.default\">\n\t\t\t\t<div class=\"elementor-widget-container\">\n\t\t\t\t\t\t\t<p><span class=\"TextRun SCXW204331216 BCX0\" lang=\"ES-ES\" xml:lang=\"ES-ES\" data-contrast=\"auto\"><span class=\"NormalTextRun SCXW204331216 BCX0\">La R<\/span><\/span><span class=\"TextRun SCXW204331216 BCX0\" lang=\"ES-ES\" xml:lang=\"ES-ES\" data-contrast=\"auto\"><span class=\"NormalTextRun SCXW204331216 BCX0\">ed de Productoras de Antioquia <em><strong>Las Lilas<\/strong> <\/em>es una iniciativa de producci\u00f3n de mujeres organizadas en tres l\u00edneas de trabajo: alimentos, textiles y artesan\u00edas.<\/span><\/span><\/p>\t\t\t\t\t\t<\/div>\n\t\t\t\t<\/div>\n\t\t\t\t<div class=\"elementor-element elementor-element-7e9264a elementor-widget elementor-widget-button\" data-id=\"7e9264a\" data-element_type=\"widget\" data-widget_type=\"button.default\">\n\t\t\t\t<div class=\"elementor-widget-container\">\n\t\t\t\t\t<div class=\"elementor-button-wrapper\">\n\t\t\t<a class=\"elementor-button elementor-button-link elementor-size-sm\" href=\"https:\/\/vamosmujer.org.co\/sitio\/movimiento-lila\/\">\n\t\t\t\t\t\t<span class=\"elementor-button-content-wrapper\">\n\t\t\t\t\t\t<span class=\"elementor-button-text\">Conoce m\u00e1s<\/span>\n\t\t<\/span>\n\t\t\t\t\t<\/a>\n\t\t<\/div>\n\t\t\t\t<\/div>\n\t\t\t\t<\/div>\n\t\t\t\t\t<\/div>\n\t\t<\/div>\n\t\t\t\t<div class=\"elementor-column elementor-col-50 elementor-top-column elementor-element elementor-element-a4390ae\" data-id=\"a4390ae\" data-element_type=\"column\">\n\t\t\t<div class=\"elementor-widget-wrap elementor-element-populated\">\n\t\t\t\t\t\t<div class=\"elementor-element elementor-element-97c738a elementor-widget elementor-widget-image\" data-id=\"97c738a\" data-element_type=\"widget\" data-widget_type=\"image.default\">\n\t\t\t\t<div class=\"elementor-widget-container\">\n\t\t\t\t\t\t\t\t\t\t\t\t\t<img decoding=\"async\" width=\"1024\" height=\"750\" src=\"https:\/\/vamosmujer.org.co\/sitio\/wp-content\/uploads\/2022\/05\/Sin-titulo-1_Mesa-de-trabajo-1-1-1024x750.jpg\" class=\"attachment-large size-large wp-image-9410\" alt=\"\" srcset=\"https:\/\/vamosmujer.org.co\/sitio\/wp-content\/uploads\/2022\/05\/Sin-titulo-1_Mesa-de-trabajo-1-1-1024x750.jpg 1024w, https:\/\/vamosmujer.org.co\/sitio\/wp-content\/uploads\/2022\/05\/Sin-titulo-1_Mesa-de-trabajo-1-1-300x220.jpg 300w\" sizes=\"(max-width: 1024px) 100vw, 1024px\" \/>\t\t\t\t\t\t\t\t\t\t\t\t\t<\/div>\n\t\t\t\t<\/div>\n\t\t\t\t<div class=\"elementor-element elementor-element-5e5a437 elementor-widget elementor-widget-heading\" data-id=\"5e5a437\" data-element_type=\"widget\" data-widget_type=\"heading.default\">\n\t\t\t\t<div class=\"elementor-widget-container\">\n\t\t\t<h2 class=\"elementor-heading-title elementor-size-default\">Productoras Oriente<\/h2>\t\t<\/div>\n\t\t\t\t<\/div>\n\t\t\t\t<div class=\"elementor-element elementor-element-666437a elementor-widget elementor-widget-text-editor\" data-id=\"666437a\" data-element_type=\"widget\" data-widget_type=\"text-editor.default\">\n\t\t\t\t<div class=\"elementor-widget-container\">\n\t\t\t\t\t\t\t<p><span class=\"TextRun SCXW54208288 BCX0\" lang=\"ES-ES\" xml:lang=\"ES-ES\" data-contrast=\"auto\"><span class=\"NormalTextRun SCXW54208288 BCX0\">Las mujeres de Sons\u00f3n, Argelia y Nari\u00f1o, municipios del Oriente Antioque\u00f1o, cultivan diversidad de alimentos que son comercializados principalmente en los mercados campesinos de sus territorios.<\/span><\/span><\/p>\t\t\t\t\t\t<\/div>\n\t\t\t\t<\/div>\n\t\t\t\t<div class=\"elementor-element elementor-element-bde52a6 elementor-widget elementor-widget-button\" data-id=\"bde52a6\" data-element_type=\"widget\" data-widget_type=\"button.default\">\n\t\t\t\t<div class=\"elementor-widget-container\">\n\t\t\t\t\t<div class=\"elementor-button-wrapper\">\n\t\t\t<a class=\"elementor-button elementor-button-link elementor-size-sm\" href=\"#\">\n\t\t\t\t\t\t<span class=\"elementor-button-content-wrapper\">\n\t\t\t\t\t\t<span class=\"elementor-button-text\">Conoce m\u00e1s<\/span>\n\t\t<\/span>\n\t\t\t\t\t<\/a>\n\t\t<\/div>\n\t\t\t\t<\/div>\n\t\t\t\t<\/div>\n\t\t\t\t\t<\/div>\n\t\t<\/div>\n\t\t\t\t\t<\/div>\n\t\t<\/section>\n\t\t\t\t<\/div>\n\t\t","protected":false},"excerpt":{"rendered":"<p>Productoras \u00bfQu\u00e9 son las productoras? Como un eje central del trabajo de la Corporaci\u00f3n Vamos Mujer por la Autonom\u00eda Econ\u00f3mica de las Mujeres, consideramos central reconocer los haceres y producciones que d\u00eda a d\u00eda realizan las mujeres para su sustento econ\u00f3mico. Por eso, este espacio busca visibilizar los diferentes productos que las mujeres de los procesos de la organizaci\u00f3n cosechan\u2026<\/p>\n","protected":false},"author":2,"featured_media":0,"parent":0,"menu_order":0,"comment_status":"closed","ping_status":"closed","template":"","meta":{"pgc_meta":"","footnotes":""},"class_list":["post-7234","page","type-page","status-publish","hentry"],"pgc_meta":"","yoast_head":"<!-- This site is optimized with the Yoast SEO plugin v22.4 - https:\/\/yoast.com\/wordpress\/plugins\/seo\/ -->\n<title>Productoras - Corporaci\u00f3n Vamos Mujer<\/title>\n<meta name=\"description\" content=\"Como un eje central del trabajo de la Corporaci\u00f3n Vamos Mujer por la Autonom\u00eda Econ\u00f3mica de las Mujeres, consideramos central reconocer los haceres y producciones que d\u00eda a d\u00eda realizan las mujeres para su sustento econ\u00f3mico.\" \/>\n<meta name=\"robots\" content=\"index, follow, max-snippet:-1, max-image-preview:large, max-video-preview:-1\" \/>\n<link rel=\"canonical\" href=\"https:\/\/vamosmujer.org.co\/sitio\/productoras\/\" \/>\n<meta property=\"og:locale\" content=\"es_ES\" \/>\n<meta property=\"og:type\" content=\"article\" \/>\n<meta property=\"og:title\" content=\"Productoras - Corporaci\u00f3n Vamos Mujer\" \/>\n<meta property=\"og:description\" content=\"Como un eje central del trabajo de la Corporaci\u00f3n Vamos Mujer por la Autonom\u00eda Econ\u00f3mica de las Mujeres, consideramos central reconocer los haceres y producciones que d\u00eda a d\u00eda realizan las mujeres para su sustento econ\u00f3mico.\" \/>\n<meta property=\"og:url\" content=\"https:\/\/vamosmujer.org.co\/sitio\/productoras\/\" \/>\n<meta property=\"og:site_name\" content=\"Corporaci\u00f3n Vamos Mujer\" \/>\n<meta property=\"article:publisher\" content=\"https:\/\/www.facebook.com\/corporacionvamosmujer\/\" \/>\n<meta property=\"article:modified_time\" content=\"2022-05-25T20:25:04+00:00\" \/>\n<meta property=\"og:image\" content=\"https:\/\/vamosmujer.org.co\/sitio\/wp-content\/uploads\/2022\/05\/Lila_Mesa-de-trabajo-1-1024x750.jpg\" \/>\n<meta name=\"twitter:card\" content=\"summary_large_image\" \/>\n<meta name=\"twitter:site\" content=\"@vamosmujer\" \/>\n<meta name=\"twitter:label1\" content=\"Tiempo estimado de lectura\" \/>\n\t<meta name=\"twitter:data1\" content=\"2 minutos\" \/>\n<script type=\"application\/ld+json\" class=\"yoast-schema-graph\">{\"@context\":\"https:\/\/schema.org\",\"@graph\":[{\"@type\":\"WebPage\",\"@id\":\"https:\/\/vamosmujer.org.co\/sitio\/productoras\/\",\"url\":\"https:\/\/vamosmujer.org.co\/sitio\/productoras\/\",\"name\":\"Productoras - Corporaci\u00f3n Vamos Mujer\",\"isPartOf\":{\"@id\":\"https:\/\/vamosmujer.org.co\/sitio\/#website\"},\"primaryImageOfPage\":{\"@id\":\"https:\/\/vamosmujer.org.co\/sitio\/productoras\/#primaryimage\"},\"image\":{\"@id\":\"https:\/\/vamosmujer.org.co\/sitio\/productoras\/#primaryimage\"},\"thumbnailUrl\":\"https:\/\/vamosmujer.org.co\/sitio\/wp-content\/uploads\/2022\/05\/Lila_Mesa-de-trabajo-1-1024x750.jpg\",\"datePublished\":\"2021-06-03T11:27:13+00:00\",\"dateModified\":\"2022-05-25T20:25:04+00:00\",\"description\":\"Como un eje central del trabajo de la Corporaci\u00f3n Vamos Mujer por la Autonom\u00eda Econ\u00f3mica de las Mujeres, consideramos central reconocer los haceres y producciones que d\u00eda a d\u00eda realizan las mujeres para su sustento econ\u00f3mico.\",\"breadcrumb\":{\"@id\":\"https:\/\/vamosmujer.org.co\/sitio\/productoras\/#breadcrumb\"},\"inLanguage\":\"es-CO\",\"potentialAction\":[{\"@type\":\"ReadAction\",\"target\":[\"https:\/\/vamosmujer.org.co\/sitio\/productoras\/\"]}]},{\"@type\":\"ImageObject\",\"inLanguage\":\"es-CO\",\"@id\":\"https:\/\/vamosmujer.org.co\/sitio\/productoras\/#primaryimage\",\"url\":\"https:\/\/vamosmujer.org.co\/sitio\/wp-content\/uploads\/2022\/05\/Lila_Mesa-de-trabajo-1-scaled.jpg\",\"contentUrl\":\"https:\/\/vamosmujer.org.co\/sitio\/wp-content\/uploads\/2022\/05\/Lila_Mesa-de-trabajo-1-scaled.jpg\",\"width\":2560,\"height\":1875},{\"@type\":\"BreadcrumbList\",\"@id\":\"https:\/\/vamosmujer.org.co\/sitio\/productoras\/#breadcrumb\",\"itemListElement\":[{\"@type\":\"ListItem\",\"position\":1,\"name\":\"Inicio\",\"item\":\"https:\/\/vamosmujer.org.co\/sitio\/\"},{\"@type\":\"ListItem\",\"position\":2,\"name\":\"Productoras\"}]},{\"@type\":\"WebSite\",\"@id\":\"https:\/\/vamosmujer.org.co\/sitio\/#website\",\"url\":\"https:\/\/vamosmujer.org.co\/sitio\/\",\"name\":\"Corporaci\u00f3n Vamos Mujer\",\"description\":\"Vamos Mujer\",\"publisher\":{\"@id\":\"https:\/\/vamosmujer.org.co\/sitio\/#organization\"},\"potentialAction\":[{\"@type\":\"SearchAction\",\"target\":{\"@type\":\"EntryPoint\",\"urlTemplate\":\"https:\/\/vamosmujer.org.co\/sitio\/?s={search_term_string}\"},\"query-input\":\"required name=search_term_string\"}],\"inLanguage\":\"es-CO\"},{\"@type\":\"Organization\",\"@id\":\"https:\/\/vamosmujer.org.co\/sitio\/#organization\",\"name\":\"Corporaci\u00f3n Vamos Mujer\",\"url\":\"https:\/\/vamosmujer.org.co\/sitio\/\",\"logo\":{\"@type\":\"ImageObject\",\"inLanguage\":\"es-CO\",\"@id\":\"https:\/\/vamosmujer.org.co\/sitio\/#\/schema\/logo\/image\/\",\"url\":\"https:\/\/vamosmujer.org.co\/sitio\/wp-content\/uploads\/2020\/10\/logo_vamos-07.png\",\"contentUrl\":\"https:\/\/vamosmujer.org.co\/sitio\/wp-content\/uploads\/2020\/10\/logo_vamos-07.png\",\"width\":911,\"height\":231,\"caption\":\"Corporaci\u00f3n Vamos Mujer\"},\"image\":{\"@id\":\"https:\/\/vamosmujer.org.co\/sitio\/#\/schema\/logo\/image\/\"},\"sameAs\":[\"https:\/\/www.facebook.com\/corporacionvamosmujer\/\",\"https:\/\/twitter.com\/vamosmujer\",\"https:\/\/www.instagram.com\/corporacionvamosmujer\/\",\"https:\/\/www.youtube.com\/channel\/UCAc-qitYba-Hv0QWSaB04pA\/featured\"]}]}<\/script>\n<!-- \/ Yoast SEO plugin. -->","yoast_head_json":{"title":"Productoras - Corporaci\u00f3n Vamos Mujer","description":"Como un eje central del trabajo de la Corporaci\u00f3n Vamos Mujer por la Autonom\u00eda Econ\u00f3mica de las Mujeres, consideramos central reconocer los haceres y producciones que d\u00eda a d\u00eda realizan las mujeres para su sustento econ\u00f3mico.","robots":{"index":"index","follow":"follow","max-snippet":"max-snippet:-1","max-image-preview":"max-image-preview:large","max-video-preview":"max-video-preview:-1"},"canonical":"https:\/\/vamosmujer.org.co\/sitio\/productoras\/","og_locale":"es_ES","og_type":"article","og_title":"Productoras - Corporaci\u00f3n Vamos Mujer","og_description":"Como un eje central del trabajo de la Corporaci\u00f3n Vamos Mujer por la Autonom\u00eda Econ\u00f3mica de las Mujeres, consideramos central reconocer los haceres y producciones que d\u00eda a d\u00eda realizan las mujeres para su sustento econ\u00f3mico.","og_url":"https:\/\/vamosmujer.org.co\/sitio\/productoras\/","og_site_name":"Corporaci\u00f3n Vamos Mujer","article_publisher":"https:\/\/www.facebook.com\/corporacionvamosmujer\/","article_modified_time":"2022-05-25T20:25:04+00:00","og_image":[{"url":"https:\/\/vamosmujer.org.co\/sitio\/wp-content\/uploads\/2022\/05\/Lila_Mesa-de-trabajo-1-1024x750.jpg"}],"twitter_card":"summary_large_image","twitter_site":"@vamosmujer","twitter_misc":{"Tiempo estimado de lectura":"2 minutos"},"schema":{"@context":"https:\/\/schema.org","@graph":[{"@type":"WebPage","@id":"https:\/\/vamosmujer.org.co\/sitio\/productoras\/","url":"https:\/\/vamosmujer.org.co\/sitio\/productoras\/","name":"Productoras - Corporaci\u00f3n Vamos Mujer","isPartOf":{"@id":"https:\/\/vamosmujer.org.co\/sitio\/#website"},"primaryImageOfPage":{"@id":"https:\/\/vamosmujer.org.co\/sitio\/productoras\/#primaryimage"},"image":{"@id":"https:\/\/vamosmujer.org.co\/sitio\/productoras\/#primaryimage"},"thumbnailUrl":"https:\/\/vamosmujer.org.co\/sitio\/wp-content\/uploads\/2022\/05\/Lila_Mesa-de-trabajo-1-1024x750.jpg","datePublished":"2021-06-03T11:27:13+00:00","dateModified":"2022-05-25T20:25:04+00:00","description":"Como un eje central del trabajo de la Corporaci\u00f3n Vamos Mujer por la Autonom\u00eda Econ\u00f3mica de las Mujeres, consideramos central reconocer los haceres y producciones que d\u00eda a d\u00eda realizan las mujeres para su sustento econ\u00f3mico.","breadcrumb":{"@id":"https:\/\/vamosmujer.org.co\/sitio\/productoras\/#breadcrumb"},"inLanguage":"es-CO","potentialAction":[{"@type":"ReadAction","target":["https:\/\/vamosmujer.org.co\/sitio\/productoras\/"]}]},{"@type":"ImageObject","inLanguage":"es-CO","@id":"https:\/\/vamosmujer.org.co\/sitio\/productoras\/#primaryimage","url":"https:\/\/vamosmujer.org.co\/sitio\/wp-content\/uploads\/2022\/05\/Lila_Mesa-de-trabajo-1-scaled.jpg","contentUrl":"https:\/\/vamosmujer.org.co\/sitio\/wp-content\/uploads\/2022\/05\/Lila_Mesa-de-trabajo-1-scaled.jpg","width":2560,"height":1875},{"@type":"BreadcrumbList","@id":"https:\/\/vamosmujer.org.co\/sitio\/productoras\/#breadcrumb","itemListElement":[{"@type":"ListItem","position":1,"name":"Inicio","item":"https:\/\/vamosmujer.org.co\/sitio\/"},{"@type":"ListItem","position":2,"name":"Productoras"}]},{"@type":"WebSite","@id":"https:\/\/vamosmujer.org.co\/sitio\/#website","url":"https:\/\/vamosmujer.org.co\/sitio\/","name":"Corporaci\u00f3n Vamos Mujer","description":"Vamos Mujer","publisher":{"@id":"https:\/\/vamosmujer.org.co\/sitio\/#organization"},"potentialAction":[{"@type":"SearchAction","target":{"@type":"EntryPoint","urlTemplate":"https:\/\/vamosmujer.org.co\/sitio\/?s={search_term_string}"},"query-input":"required name=search_term_string"}],"inLanguage":"es-CO"},{"@type":"Organization","@id":"https:\/\/vamosmujer.org.co\/sitio\/#organization","name":"Corporaci\u00f3n Vamos Mujer","url":"https:\/\/vamosmujer.org.co\/sitio\/","logo":{"@type":"ImageObject","inLanguage":"es-CO","@id":"https:\/\/vamosmujer.org.co\/sitio\/#\/schema\/logo\/image\/","url":"https:\/\/vamosmujer.org.co\/sitio\/wp-content\/uploads\/2020\/10\/logo_vamos-07.png","contentUrl":"https:\/\/vamosmujer.org.co\/sitio\/wp-content\/uploads\/2020\/10\/logo_vamos-07.png","width":911,"height":231,"caption":"Corporaci\u00f3n Vamos Mujer"},"image":{"@id":"https:\/\/vamosmujer.org.co\/sitio\/#\/schema\/logo\/image\/"},"sameAs":["https:\/\/www.facebook.com\/corporacionvamosmujer\/","https:\/\/twitter.com\/vamosmujer","https:\/\/www.instagram.com\/corporacionvamosmujer\/","https:\/\/www.youtube.com\/channel\/UCAc-qitYba-Hv0QWSaB04pA\/featured"]}]}},"_links":{"self":[{"href":"https:\/\/vamosmujer.org.co\/sitio\/wp-json\/wp\/v2\/pages\/7234"}],"collection":[{"href":"https:\/\/vamosmujer.org.co\/sitio\/wp-json\/wp\/v2\/pages"}],"about":[{"href":"https:\/\/vamosmujer.org.co\/sitio\/wp-json\/wp\/v2\/types\/page"}],"author":[{"embeddable":true,"href":"https:\/\/vamosmujer.org.co\/sitio\/wp-json\/wp\/v2\/users\/2"}],"replies":[{"embeddable":true,"href":"https:\/\/vamosmujer.org.co\/sitio\/wp-json\/wp\/v2\/comments?post=7234"}],"version-history":[{"count":73,"href":"https:\/\/vamosmujer.org.co\/sitio\/wp-json\/wp\/v2\/pages\/7234\/revisions"}],"predecessor-version":[{"id":9555,"href":"https:\/\/vamosmujer.org.co\/sitio\/wp-json\/wp\/v2\/pages\/7234\/revisions\/9555"}],"wp:attachment":[{"href":"https:\/\/vamosmujer.org.co\/sitio\/wp-json\/wp\/v2\/media?parent=7234"}],"curies":[{"name":"wp","href":"https:\/\/api.w.org\/{rel}","templated":true}]}}