{"id":10040,"date":"2022-12-01T09:49:21","date_gmt":"2022-12-01T14:49:21","guid":{"rendered":"https:\/\/vamosmujer.org.co\/sitio\/?post_type=product&#038;p=10040"},"modified":"2022-12-01T10:12:50","modified_gmt":"2022-12-01T15:12:50","slug":"xx-informe-de-derechos-humanos-de-las-mujeres-en-medellin-y-antioquia-2022","status":"publish","type":"product","link":"https:\/\/vamosmujer.org.co\/sitio\/producto\/xx-informe-de-derechos-humanos-de-las-mujeres-en-medellin-y-antioquia-2022\/","title":{"rendered":"XX Informe sobre la situaci\u00f3n de violaci\u00f3n de Derechos Humanos de las Mujeres en Medell\u00edn y territorios de Antioquia 2022"},"content":{"rendered":"<p>El XX Informe sobre la situaci\u00f3n de violaci\u00f3n de los Derechos Humanos de las Mujeres en Medell\u00edn y territorios de Antioquia &#8220;Cuerpos de mujeres como territorios de poder propio y ajeno: Empoderamiento femenino vs. Cosificaci\u00f3n Patriarcal&#8221;, una edici\u00f3n conmemorativa con \u00e9nfasis en el Acoso Sexual, realizada por la <strong>Corporaci\u00f3n Vamos Mujer<\/strong> y la <strong>Corporaci\u00f3n para la Vida Mujeres que Crean<\/strong>.<\/p>\n<p>Vamos Mujer y Mujeres que Crean, han emprendido desde hace dos d\u00e9cadas la labor de la elaboraci\u00f3n del Informe anual sobre la situaci\u00f3n de violaci\u00f3n de los Derechos Humanos de las Mujeres en Medell\u00edn y territorios de Antioquia con el prop\u00f3sito de visibilizar, denunciar y buscar alternativas ante las violencias estructurales que impiden el ejercicio pleno del derecho a vivir una vida libre de violencias para las mujeres.<\/p>\n<p>Esta edici\u00f3n pretende ser una conmemoraci\u00f3n: Al trabajo de las organizaciones que han construido las diecinueve ediciones que preceden este Informe y a los procesos organizados y espont\u00e1neos de mujeres como alternativas frente a la estructura patriarcal, reivindicando d\u00eda a d\u00eda su agencia como sujetas pol\u00edticas de derechos.<\/p>\n<p>Medell\u00edn, 2022<\/p>\n<p><a href=\"https:\/\/vamosmujer.org.co\/sitio\/wp-content\/uploads\/2022\/11\/XX_INFORME_2022.pdf\" target=\"_blank\" rel=\"noopener\">Descarga<\/a><\/p>\n","protected":false},"excerpt":{"rendered":"<p>El XX Informe sobre la situaci\u00f3n de violaci\u00f3n de los Derechos Humanos de las Mujeres en Medell\u00edn y territorios de Antioquia &#8220;Cuerpos de mujeres como territorios de poder propio y ajeno: Empoderamiento femenino vs. Cosificaci\u00f3n Patriarcal&#8221;,\u00a0 es una edici\u00f3n conmemorativa con \u00e9nfasis en el Acoso Sexual, realizada por la <strong>Corporaci\u00f3n Vamos Mujer<\/strong> y la <strong>Corporaci\u00f3n para la Vida Mujeres que Crean<\/strong>.<\/p>\n<p>Esta edici\u00f3n pretende ser una conmemoraci\u00f3n: Al trabajo de las organizaciones que han construido las diecinueve ediciones que preceden este Informe y a los procesos organizados y espont\u00e1neos de mujeres como alternativas frente a la estructura patriarcal, reivindicando d\u00eda a d\u00eda su agencia como sujetas pol\u00edticas de derechos.<\/p>\n<p>Medell\u00edn, 2022<\/p>\n<div><a href=\"https:\/\/vamosmujer.org.co\/sitio\/wp-content\/uploads\/2022\/11\/XX_INFORME_2022.pdf\" target=\"_blank\" rel=\"noopener\">Descarga<\/a><\/div>\n","protected":false},"featured_media":10041,"comment_status":"open","ping_status":"closed","template":"","meta":{"pgc_meta":""},"product_cat":[237],"product_tag":[304,276,275,277],"class_list":{"0":"post-10040","1":"product","2":"type-product","3":"status-publish","4":"has-post-thumbnail","6":"product_cat-editorial","7":"product_tag-acoso-sexual","8":"product_tag-derechos-humanos","9":"product_tag-informe","10":"product_tag-mujeres","12":"first","13":"instock","14":"featured","15":"shipping-taxable","16":"product-type-simple"},"yoast_head":"<!-- This site is optimized with the Yoast SEO plugin v22.4 - https:\/\/yoast.com\/wordpress\/plugins\/seo\/ -->\n<title>XX Informe sobre la situaci\u00f3n de violaci\u00f3n de Derechos Humanos de las Mujeres en Medell\u00edn y territorios de Antioquia 2022 - Corporaci\u00f3n Vamos Mujer<\/title>\n<meta name=\"description\" content=\"El XX Informe sobre la situaci\u00f3n de violaci\u00f3n de los Derechos Humanos de las Mujeres en Medell\u00edn y territorios de Antioquia &quot;Cuerpos de mujeres como territorios de poder propio y ajeno: Empoderamiento femenino vs. Cosificaci\u00f3n Patriarcal&quot;, una edici\u00f3n conmemorativa con \u00e9nfasis en el Acoso Sexual, realizada por la Corporaci\u00f3n Vamos Mujer y la Corporaci\u00f3n para la Vida Mujeres que Crean.\" \/>\n<meta name=\"robots\" content=\"index, follow, max-snippet:-1, max-image-preview:large, max-video-preview:-1\" \/>\n<link rel=\"canonical\" href=\"https:\/\/vamosmujer.org.co\/sitio\/producto\/xx-informe-de-derechos-humanos-de-las-mujeres-en-medellin-y-antioquia-2022\/\" \/>\n<meta property=\"og:locale\" content=\"es_ES\" \/>\n<meta property=\"og:type\" content=\"article\" \/>\n<meta property=\"og:title\" content=\"XX Informe sobre la situaci\u00f3n de violaci\u00f3n de Derechos Humanos de las Mujeres en Medell\u00edn y territorios de Antioquia 2022 - Corporaci\u00f3n Vamos Mujer\" \/>\n<meta property=\"og:description\" content=\"El XX Informe sobre la situaci\u00f3n de violaci\u00f3n de los Derechos Humanos de las Mujeres en Medell\u00edn y territorios de Antioquia &quot;Cuerpos de mujeres como territorios de poder propio y ajeno: Empoderamiento femenino vs. Cosificaci\u00f3n Patriarcal&quot;, una edici\u00f3n conmemorativa con \u00e9nfasis en el Acoso Sexual, realizada por la Corporaci\u00f3n Vamos Mujer y la Corporaci\u00f3n para la Vida Mujeres que Crean.\" \/>\n<meta property=\"og:url\" content=\"https:\/\/vamosmujer.org.co\/sitio\/producto\/xx-informe-de-derechos-humanos-de-las-mujeres-en-medellin-y-antioquia-2022\/\" \/>\n<meta property=\"og:site_name\" content=\"Corporaci\u00f3n Vamos Mujer\" \/>\n<meta property=\"article:publisher\" content=\"https:\/\/www.facebook.com\/corporacionvamosmujer\/\" \/>\n<meta property=\"article:modified_time\" content=\"2022-12-01T15:12:50+00:00\" \/>\n<meta property=\"og:image\" content=\"https:\/\/vamosmujer.org.co\/sitio\/wp-content\/uploads\/2022\/12\/Portada_Mesa-de-trabajo-1.png\" \/>\n\t<meta property=\"og:image:width\" content=\"1300\" \/>\n\t<meta property=\"og:image:height\" content=\"1212\" \/>\n\t<meta property=\"og:image:type\" content=\"image\/png\" \/>\n<meta name=\"twitter:card\" content=\"summary_large_image\" \/>\n<meta name=\"twitter:site\" content=\"@vamosmujer\" \/>\n<meta name=\"twitter:label1\" content=\"Tiempo estimado de lectura\" \/>\n\t<meta name=\"twitter:data1\" content=\"1 minuto\" \/>\n<script type=\"application\/ld+json\" class=\"yoast-schema-graph\">{\"@context\":\"https:\/\/schema.org\",\"@graph\":[{\"@type\":\"WebPage\",\"@id\":\"https:\/\/vamosmujer.org.co\/sitio\/producto\/xx-informe-de-derechos-humanos-de-las-mujeres-en-medellin-y-antioquia-2022\/\",\"url\":\"https:\/\/vamosmujer.org.co\/sitio\/producto\/xx-informe-de-derechos-humanos-de-las-mujeres-en-medellin-y-antioquia-2022\/\",\"name\":\"XX Informe sobre la situaci\u00f3n de violaci\u00f3n de Derechos Humanos de las Mujeres en Medell\u00edn y territorios de Antioquia 2022 - Corporaci\u00f3n Vamos Mujer\",\"isPartOf\":{\"@id\":\"https:\/\/vamosmujer.org.co\/sitio\/#website\"},\"primaryImageOfPage\":{\"@id\":\"https:\/\/vamosmujer.org.co\/sitio\/producto\/xx-informe-de-derechos-humanos-de-las-mujeres-en-medellin-y-antioquia-2022\/#primaryimage\"},\"image\":{\"@id\":\"https:\/\/vamosmujer.org.co\/sitio\/producto\/xx-informe-de-derechos-humanos-de-las-mujeres-en-medellin-y-antioquia-2022\/#primaryimage\"},\"thumbnailUrl\":\"https:\/\/vamosmujer.org.co\/sitio\/wp-content\/uploads\/2022\/12\/Portada_Mesa-de-trabajo-1.png\",\"datePublished\":\"2022-12-01T14:49:21+00:00\",\"dateModified\":\"2022-12-01T15:12:50+00:00\",\"description\":\"El XX Informe sobre la situaci\u00f3n de violaci\u00f3n de los Derechos Humanos de las Mujeres en Medell\u00edn y territorios de Antioquia \\\"Cuerpos de mujeres como territorios de poder propio y ajeno: Empoderamiento femenino vs. Cosificaci\u00f3n Patriarcal\\\", una edici\u00f3n conmemorativa con \u00e9nfasis en el Acoso Sexual, realizada por la Corporaci\u00f3n Vamos Mujer y la Corporaci\u00f3n para la Vida Mujeres que Crean.\",\"breadcrumb\":{\"@id\":\"https:\/\/vamosmujer.org.co\/sitio\/producto\/xx-informe-de-derechos-humanos-de-las-mujeres-en-medellin-y-antioquia-2022\/#breadcrumb\"},\"inLanguage\":\"es-CO\",\"potentialAction\":[{\"@type\":\"ReadAction\",\"target\":[\"https:\/\/vamosmujer.org.co\/sitio\/producto\/xx-informe-de-derechos-humanos-de-las-mujeres-en-medellin-y-antioquia-2022\/\"]}]},{\"@type\":\"ImageObject\",\"inLanguage\":\"es-CO\",\"@id\":\"https:\/\/vamosmujer.org.co\/sitio\/producto\/xx-informe-de-derechos-humanos-de-las-mujeres-en-medellin-y-antioquia-2022\/#primaryimage\",\"url\":\"https:\/\/vamosmujer.org.co\/sitio\/wp-content\/uploads\/2022\/12\/Portada_Mesa-de-trabajo-1.png\",\"contentUrl\":\"https:\/\/vamosmujer.org.co\/sitio\/wp-content\/uploads\/2022\/12\/Portada_Mesa-de-trabajo-1.png\",\"width\":1300,\"height\":1212},{\"@type\":\"BreadcrumbList\",\"@id\":\"https:\/\/vamosmujer.org.co\/sitio\/producto\/xx-informe-de-derechos-humanos-de-las-mujeres-en-medellin-y-antioquia-2022\/#breadcrumb\",\"itemListElement\":[{\"@type\":\"ListItem\",\"position\":1,\"name\":\"Inicio\",\"item\":\"https:\/\/vamosmujer.org.co\/sitio\/\"},{\"@type\":\"ListItem\",\"position\":2,\"name\":\"Productos\",\"item\":\"https:\/\/vamosmujer.org.co\/sitio\/shop\/\"},{\"@type\":\"ListItem\",\"position\":3,\"name\":\"XX Informe sobre la situaci\u00f3n de violaci\u00f3n de Derechos Humanos de las Mujeres en Medell\u00edn y territorios de Antioquia 2022\"}]},{\"@type\":\"WebSite\",\"@id\":\"https:\/\/vamosmujer.org.co\/sitio\/#website\",\"url\":\"https:\/\/vamosmujer.org.co\/sitio\/\",\"name\":\"Corporaci\u00f3n Vamos Mujer\",\"description\":\"Vamos Mujer\",\"publisher\":{\"@id\":\"https:\/\/vamosmujer.org.co\/sitio\/#organization\"},\"potentialAction\":[{\"@type\":\"SearchAction\",\"target\":{\"@type\":\"EntryPoint\",\"urlTemplate\":\"https:\/\/vamosmujer.org.co\/sitio\/?s={search_term_string}\"},\"query-input\":\"required name=search_term_string\"}],\"inLanguage\":\"es-CO\"},{\"@type\":\"Organization\",\"@id\":\"https:\/\/vamosmujer.org.co\/sitio\/#organization\",\"name\":\"Corporaci\u00f3n Vamos Mujer\",\"url\":\"https:\/\/vamosmujer.org.co\/sitio\/\",\"logo\":{\"@type\":\"ImageObject\",\"inLanguage\":\"es-CO\",\"@id\":\"https:\/\/vamosmujer.org.co\/sitio\/#\/schema\/logo\/image\/\",\"url\":\"https:\/\/vamosmujer.org.co\/sitio\/wp-content\/uploads\/2020\/10\/logo_vamos-07.png\",\"contentUrl\":\"https:\/\/vamosmujer.org.co\/sitio\/wp-content\/uploads\/2020\/10\/logo_vamos-07.png\",\"width\":911,\"height\":231,\"caption\":\"Corporaci\u00f3n Vamos Mujer\"},\"image\":{\"@id\":\"https:\/\/vamosmujer.org.co\/sitio\/#\/schema\/logo\/image\/\"},\"sameAs\":[\"https:\/\/www.facebook.com\/corporacionvamosmujer\/\",\"https:\/\/twitter.com\/vamosmujer\",\"https:\/\/www.instagram.com\/corporacionvamosmujer\/\",\"https:\/\/www.youtube.com\/channel\/UCAc-qitYba-Hv0QWSaB04pA\/featured\"]}]}<\/script>\n<!-- \/ Yoast SEO plugin. -->","yoast_head_json":{"title":"XX Informe sobre la situaci\u00f3n de violaci\u00f3n de Derechos Humanos de las Mujeres en Medell\u00edn y territorios de Antioquia 2022 - Corporaci\u00f3n Vamos Mujer","description":"El XX Informe sobre la situaci\u00f3n de violaci\u00f3n de los Derechos Humanos de las Mujeres en Medell\u00edn y territorios de Antioquia \"Cuerpos de mujeres como territorios de poder propio y ajeno: Empoderamiento femenino vs. Cosificaci\u00f3n Patriarcal\", una edici\u00f3n conmemorativa con \u00e9nfasis en el Acoso Sexual, realizada por la Corporaci\u00f3n Vamos Mujer y la Corporaci\u00f3n para la Vida Mujeres que Crean.","robots":{"index":"index","follow":"follow","max-snippet":"max-snippet:-1","max-image-preview":"max-image-preview:large","max-video-preview":"max-video-preview:-1"},"canonical":"https:\/\/vamosmujer.org.co\/sitio\/producto\/xx-informe-de-derechos-humanos-de-las-mujeres-en-medellin-y-antioquia-2022\/","og_locale":"es_ES","og_type":"article","og_title":"XX Informe sobre la situaci\u00f3n de violaci\u00f3n de Derechos Humanos de las Mujeres en Medell\u00edn y territorios de Antioquia 2022 - Corporaci\u00f3n Vamos Mujer","og_description":"El XX Informe sobre la situaci\u00f3n de violaci\u00f3n de los Derechos Humanos de las Mujeres en Medell\u00edn y territorios de Antioquia \"Cuerpos de mujeres como territorios de poder propio y ajeno: Empoderamiento femenino vs. Cosificaci\u00f3n Patriarcal\", una edici\u00f3n conmemorativa con \u00e9nfasis en el Acoso Sexual, realizada por la Corporaci\u00f3n Vamos Mujer y la Corporaci\u00f3n para la Vida Mujeres que Crean.","og_url":"https:\/\/vamosmujer.org.co\/sitio\/producto\/xx-informe-de-derechos-humanos-de-las-mujeres-en-medellin-y-antioquia-2022\/","og_site_name":"Corporaci\u00f3n Vamos Mujer","article_publisher":"https:\/\/www.facebook.com\/corporacionvamosmujer\/","article_modified_time":"2022-12-01T15:12:50+00:00","og_image":[{"width":1300,"height":1212,"url":"https:\/\/vamosmujer.org.co\/sitio\/wp-content\/uploads\/2022\/12\/Portada_Mesa-de-trabajo-1.png","type":"image\/png"}],"twitter_card":"summary_large_image","twitter_site":"@vamosmujer","twitter_misc":{"Tiempo estimado de lectura":"1 minuto"},"schema":{"@context":"https:\/\/schema.org","@graph":[{"@type":"WebPage","@id":"https:\/\/vamosmujer.org.co\/sitio\/producto\/xx-informe-de-derechos-humanos-de-las-mujeres-en-medellin-y-antioquia-2022\/","url":"https:\/\/vamosmujer.org.co\/sitio\/producto\/xx-informe-de-derechos-humanos-de-las-mujeres-en-medellin-y-antioquia-2022\/","name":"XX Informe sobre la situaci\u00f3n de violaci\u00f3n de Derechos Humanos de las Mujeres en Medell\u00edn y territorios de Antioquia 2022 - Corporaci\u00f3n Vamos Mujer","isPartOf":{"@id":"https:\/\/vamosmujer.org.co\/sitio\/#website"},"primaryImageOfPage":{"@id":"https:\/\/vamosmujer.org.co\/sitio\/producto\/xx-informe-de-derechos-humanos-de-las-mujeres-en-medellin-y-antioquia-2022\/#primaryimage"},"image":{"@id":"https:\/\/vamosmujer.org.co\/sitio\/producto\/xx-informe-de-derechos-humanos-de-las-mujeres-en-medellin-y-antioquia-2022\/#primaryimage"},"thumbnailUrl":"https:\/\/vamosmujer.org.co\/sitio\/wp-content\/uploads\/2022\/12\/Portada_Mesa-de-trabajo-1.png","datePublished":"2022-12-01T14:49:21+00:00","dateModified":"2022-12-01T15:12:50+00:00","description":"El XX Informe sobre la situaci\u00f3n de violaci\u00f3n de los Derechos Humanos de las Mujeres en Medell\u00edn y territorios de Antioquia \"Cuerpos de mujeres como territorios de poder propio y ajeno: Empoderamiento femenino vs. Cosificaci\u00f3n Patriarcal\", una edici\u00f3n conmemorativa con \u00e9nfasis en el Acoso Sexual, realizada por la Corporaci\u00f3n Vamos Mujer y la Corporaci\u00f3n para la Vida Mujeres que Crean.","breadcrumb":{"@id":"https:\/\/vamosmujer.org.co\/sitio\/producto\/xx-informe-de-derechos-humanos-de-las-mujeres-en-medellin-y-antioquia-2022\/#breadcrumb"},"inLanguage":"es-CO","potentialAction":[{"@type":"ReadAction","target":["https:\/\/vamosmujer.org.co\/sitio\/producto\/xx-informe-de-derechos-humanos-de-las-mujeres-en-medellin-y-antioquia-2022\/"]}]},{"@type":"ImageObject","inLanguage":"es-CO","@id":"https:\/\/vamosmujer.org.co\/sitio\/producto\/xx-informe-de-derechos-humanos-de-las-mujeres-en-medellin-y-antioquia-2022\/#primaryimage","url":"https:\/\/vamosmujer.org.co\/sitio\/wp-content\/uploads\/2022\/12\/Portada_Mesa-de-trabajo-1.png","contentUrl":"https:\/\/vamosmujer.org.co\/sitio\/wp-content\/uploads\/2022\/12\/Portada_Mesa-de-trabajo-1.png","width":1300,"height":1212},{"@type":"BreadcrumbList","@id":"https:\/\/vamosmujer.org.co\/sitio\/producto\/xx-informe-de-derechos-humanos-de-las-mujeres-en-medellin-y-antioquia-2022\/#breadcrumb","itemListElement":[{"@type":"ListItem","position":1,"name":"Inicio","item":"https:\/\/vamosmujer.org.co\/sitio\/"},{"@type":"ListItem","position":2,"name":"Productos","item":"https:\/\/vamosmujer.org.co\/sitio\/shop\/"},{"@type":"ListItem","position":3,"name":"XX Informe sobre la situaci\u00f3n de violaci\u00f3n de Derechos Humanos de las Mujeres en Medell\u00edn y territorios de Antioquia 2022"}]},{"@type":"WebSite","@id":"https:\/\/vamosmujer.org.co\/sitio\/#website","url":"https:\/\/vamosmujer.org.co\/sitio\/","name":"Corporaci\u00f3n Vamos Mujer","description":"Vamos Mujer","publisher":{"@id":"https:\/\/vamosmujer.org.co\/sitio\/#organization"},"potentialAction":[{"@type":"SearchAction","target":{"@type":"EntryPoint","urlTemplate":"https:\/\/vamosmujer.org.co\/sitio\/?s={search_term_string}"},"query-input":"required name=search_term_string"}],"inLanguage":"es-CO"},{"@type":"Organization","@id":"https:\/\/vamosmujer.org.co\/sitio\/#organization","name":"Corporaci\u00f3n Vamos Mujer","url":"https:\/\/vamosmujer.org.co\/sitio\/","logo":{"@type":"ImageObject","inLanguage":"es-CO","@id":"https:\/\/vamosmujer.org.co\/sitio\/#\/schema\/logo\/image\/","url":"https:\/\/vamosmujer.org.co\/sitio\/wp-content\/uploads\/2020\/10\/logo_vamos-07.png","contentUrl":"https:\/\/vamosmujer.org.co\/sitio\/wp-content\/uploads\/2020\/10\/logo_vamos-07.png","width":911,"height":231,"caption":"Corporaci\u00f3n Vamos Mujer"},"image":{"@id":"https:\/\/vamosmujer.org.co\/sitio\/#\/schema\/logo\/image\/"},"sameAs":["https:\/\/www.facebook.com\/corporacionvamosmujer\/","https:\/\/twitter.com\/vamosmujer","https:\/\/www.instagram.com\/corporacionvamosmujer\/","https:\/\/www.youtube.com\/channel\/UCAc-qitYba-Hv0QWSaB04pA\/featured"]}]}},"_links":{"self":[{"href":"https:\/\/vamosmujer.org.co\/sitio\/wp-json\/wp\/v2\/product\/10040"}],"collection":[{"href":"https:\/\/vamosmujer.org.co\/sitio\/wp-json\/wp\/v2\/product"}],"about":[{"href":"https:\/\/vamosmujer.org.co\/sitio\/wp-json\/wp\/v2\/types\/product"}],"replies":[{"embeddable":true,"href":"https:\/\/vamosmujer.org.co\/sitio\/wp-json\/wp\/v2\/comments?post=10040"}],"wp:featuredmedia":[{"embeddable":true,"href":"https:\/\/vamosmujer.org.co\/sitio\/wp-json\/wp\/v2\/media\/10041"}],"wp:attachment":[{"href":"https:\/\/vamosmujer.org.co\/sitio\/wp-json\/wp\/v2\/media?parent=10040"}],"wp:term":[{"taxonomy":"product_cat","embeddable":true,"href":"https:\/\/vamosmujer.org.co\/sitio\/wp-json\/wp\/v2\/product_cat?post=10040"},{"taxonomy":"product_tag","embeddable":true,"href":"https:\/\/vamosmujer.org.co\/sitio\/wp-json\/wp\/v2\/product_tag?post=10040"}],"curies":[{"name":"wp","href":"https:\/\/api.w.org\/{rel}","templated":true}]}}