{"id":9562,"date":"2022-06-01T17:21:04","date_gmt":"2022-06-01T22:21:04","guid":{"rendered":"https:\/\/vamosmujer.org.co\/sitio\/?post_type=product&#038;p=9562"},"modified":"2022-06-29T16:29:01","modified_gmt":"2022-06-29T21:29:01","slug":"xix-informe-sobre-la-situacion-de-violacion-de-derechos-humanos-de-las-mujeres-en-antioquia-2020","status":"publish","type":"product","link":"https:\/\/vamosmujer.org.co\/sitio\/producto\/xix-informe-sobre-la-situacion-de-violacion-de-derechos-humanos-de-las-mujeres-en-antioquia-2020\/","title":{"rendered":"XIX Informe sobre la situaci\u00f3n de violaci\u00f3n de Derechos Humanos de las Mujeres en Antioquia 2020"},"content":{"rendered":"<p>XIX Informe de Derechos Humanos de las Mujeres en Antioquia<\/p>\n<p>Corporaci\u00f3n Vamos Mujer, Corporaci\u00f3n Mujeres Que Crean<\/p>\n<p>Medell\u00edn, 2021<\/p>\n<p><a href=\"https:\/\/vamosmujer.org.co\/sitio\/wp-content\/uploads\/pdf\/XIX_INFORME_DDHH_Mujeres_Antioquia.pdf\" target=\"_blank\" rel=\"noopener\">Descarga<\/a><\/p>\n","protected":false},"excerpt":{"rendered":"<p>El Informe sobre la situaci\u00f3n de violaci\u00f3n de Derechos Humanos de las Mujeres en Medell\u00edn y en Antioquia es un procesos desarrollado por la Corporaci\u00f3n Vamos Mujer y la Corporaci\u00f3n para la vida Mujeres Que Crean<\/p>\n<p>Medell\u00edn, 2021<\/p>\n<div><\/div>\n<div><a href=\"https:\/\/vamosmujer.org.co\/sitio\/wp-content\/uploads\/pdf\/XIX_INFORME_DDHH_Mujeres_Antioquia.pdf\" target=\"_blank\" rel=\"noopener\">Descarga<\/a><\/div>\n","protected":false},"featured_media":9565,"comment_status":"open","ping_status":"closed","template":"","meta":{"pgc_meta":""},"product_cat":[237],"product_tag":[278,276,275,277],"class_list":{"0":"post-9562","1":"product","2":"type-product","3":"status-publish","4":"has-post-thumbnail","6":"product_cat-editorial","7":"product_tag-covid-19","8":"product_tag-derechos-humanos","9":"product_tag-informe","10":"product_tag-mujeres","12":"first","13":"instock","14":"featured","15":"shipping-taxable","16":"product-type-simple"},"yoast_head":"<!-- This site is optimized with the Yoast SEO plugin v22.4 - https:\/\/yoast.com\/wordpress\/plugins\/seo\/ -->\n<title>XIX Informe sobre la situaci\u00f3n de violaci\u00f3n de Derechos Humanos de las Mujeres en Antioquia 2020 - Corporaci\u00f3n Vamos Mujer<\/title>\n<meta name=\"robots\" content=\"index, follow, max-snippet:-1, max-image-preview:large, max-video-preview:-1\" \/>\n<link rel=\"canonical\" href=\"https:\/\/vamosmujer.org.co\/sitio\/producto\/xix-informe-sobre-la-situacion-de-violacion-de-derechos-humanos-de-las-mujeres-en-antioquia-2020\/\" \/>\n<meta property=\"og:locale\" content=\"es_ES\" \/>\n<meta property=\"og:type\" content=\"article\" \/>\n<meta property=\"og:title\" content=\"XIX Informe sobre la situaci\u00f3n de violaci\u00f3n de Derechos Humanos de las Mujeres en Antioquia 2020 - Corporaci\u00f3n Vamos Mujer\" \/>\n<meta property=\"og:description\" content=\"El Informe sobre la situaci\u00f3n de violaci\u00f3n de Derechos Humanos de las Mujeres en Medell\u00edn y en Antioquia es un procesos desarrollado por la Corporaci\u00f3n Vamos Mujer y la Corporaci\u00f3n para la vida Mujeres Que Crean  Medell\u00edn, 2021  Descarga\" \/>\n<meta property=\"og:url\" content=\"https:\/\/vamosmujer.org.co\/sitio\/producto\/xix-informe-sobre-la-situacion-de-violacion-de-derechos-humanos-de-las-mujeres-en-antioquia-2020\/\" \/>\n<meta property=\"og:site_name\" content=\"Corporaci\u00f3n Vamos Mujer\" \/>\n<meta property=\"article:publisher\" content=\"https:\/\/www.facebook.com\/corporacionvamosmujer\/\" \/>\n<meta property=\"article:modified_time\" content=\"2022-06-29T21:29:01+00:00\" \/>\n<meta property=\"og:image\" content=\"https:\/\/vamosmujer.org.co\/sitio\/wp-content\/uploads\/2020\/10\/INFORME-DDHH-Mujeres-Antioquia-01.jpg\" \/>\n\t<meta property=\"og:image:width\" content=\"1\" \/>\n\t<meta property=\"og:image:height\" content=\"1\" \/>\n\t<meta property=\"og:image:type\" content=\"image\/jpeg\" \/>\n<meta name=\"twitter:card\" content=\"summary_large_image\" \/>\n<meta name=\"twitter:site\" content=\"@vamosmujer\" \/>\n<meta name=\"twitter:label1\" content=\"Tiempo estimado de lectura\" \/>\n\t<meta name=\"twitter:data1\" content=\"1 minuto\" \/>\n<script type=\"application\/ld+json\" class=\"yoast-schema-graph\">{\"@context\":\"https:\/\/schema.org\",\"@graph\":[{\"@type\":\"WebPage\",\"@id\":\"https:\/\/vamosmujer.org.co\/sitio\/producto\/xix-informe-sobre-la-situacion-de-violacion-de-derechos-humanos-de-las-mujeres-en-antioquia-2020\/\",\"url\":\"https:\/\/vamosmujer.org.co\/sitio\/producto\/xix-informe-sobre-la-situacion-de-violacion-de-derechos-humanos-de-las-mujeres-en-antioquia-2020\/\",\"name\":\"XIX Informe sobre la situaci\u00f3n de violaci\u00f3n de Derechos Humanos de las Mujeres en Antioquia 2020 - Corporaci\u00f3n Vamos Mujer\",\"isPartOf\":{\"@id\":\"https:\/\/vamosmujer.org.co\/sitio\/#website\"},\"primaryImageOfPage\":{\"@id\":\"https:\/\/vamosmujer.org.co\/sitio\/producto\/xix-informe-sobre-la-situacion-de-violacion-de-derechos-humanos-de-las-mujeres-en-antioquia-2020\/#primaryimage\"},\"image\":{\"@id\":\"https:\/\/vamosmujer.org.co\/sitio\/producto\/xix-informe-sobre-la-situacion-de-violacion-de-derechos-humanos-de-las-mujeres-en-antioquia-2020\/#primaryimage\"},\"thumbnailUrl\":\"https:\/\/vamosmujer.org.co\/sitio\/wp-content\/uploads\/2020\/10\/INFORME-DDHH-Mujeres-Antioquia-01.jpg\",\"datePublished\":\"2022-06-01T22:21:04+00:00\",\"dateModified\":\"2022-06-29T21:29:01+00:00\",\"breadcrumb\":{\"@id\":\"https:\/\/vamosmujer.org.co\/sitio\/producto\/xix-informe-sobre-la-situacion-de-violacion-de-derechos-humanos-de-las-mujeres-en-antioquia-2020\/#breadcrumb\"},\"inLanguage\":\"es-CO\",\"potentialAction\":[{\"@type\":\"ReadAction\",\"target\":[\"https:\/\/vamosmujer.org.co\/sitio\/producto\/xix-informe-sobre-la-situacion-de-violacion-de-derechos-humanos-de-las-mujeres-en-antioquia-2020\/\"]}]},{\"@type\":\"ImageObject\",\"inLanguage\":\"es-CO\",\"@id\":\"https:\/\/vamosmujer.org.co\/sitio\/producto\/xix-informe-sobre-la-situacion-de-violacion-de-derechos-humanos-de-las-mujeres-en-antioquia-2020\/#primaryimage\",\"url\":\"https:\/\/vamosmujer.org.co\/sitio\/wp-content\/uploads\/2020\/10\/INFORME-DDHH-Mujeres-Antioquia-01.jpg\",\"contentUrl\":\"https:\/\/vamosmujer.org.co\/sitio\/wp-content\/uploads\/2020\/10\/INFORME-DDHH-Mujeres-Antioquia-01.jpg\"},{\"@type\":\"BreadcrumbList\",\"@id\":\"https:\/\/vamosmujer.org.co\/sitio\/producto\/xix-informe-sobre-la-situacion-de-violacion-de-derechos-humanos-de-las-mujeres-en-antioquia-2020\/#breadcrumb\",\"itemListElement\":[{\"@type\":\"ListItem\",\"position\":1,\"name\":\"Inicio\",\"item\":\"https:\/\/vamosmujer.org.co\/sitio\/\"},{\"@type\":\"ListItem\",\"position\":2,\"name\":\"Productos\",\"item\":\"https:\/\/vamosmujer.org.co\/sitio\/shop\/\"},{\"@type\":\"ListItem\",\"position\":3,\"name\":\"XIX Informe sobre la situaci\u00f3n de violaci\u00f3n de Derechos Humanos de las Mujeres en Antioquia 2020\"}]},{\"@type\":\"WebSite\",\"@id\":\"https:\/\/vamosmujer.org.co\/sitio\/#website\",\"url\":\"https:\/\/vamosmujer.org.co\/sitio\/\",\"name\":\"Corporaci\u00f3n Vamos Mujer\",\"description\":\"Vamos Mujer\",\"publisher\":{\"@id\":\"https:\/\/vamosmujer.org.co\/sitio\/#organization\"},\"potentialAction\":[{\"@type\":\"SearchAction\",\"target\":{\"@type\":\"EntryPoint\",\"urlTemplate\":\"https:\/\/vamosmujer.org.co\/sitio\/?s={search_term_string}\"},\"query-input\":\"required name=search_term_string\"}],\"inLanguage\":\"es-CO\"},{\"@type\":\"Organization\",\"@id\":\"https:\/\/vamosmujer.org.co\/sitio\/#organization\",\"name\":\"Corporaci\u00f3n Vamos Mujer\",\"url\":\"https:\/\/vamosmujer.org.co\/sitio\/\",\"logo\":{\"@type\":\"ImageObject\",\"inLanguage\":\"es-CO\",\"@id\":\"https:\/\/vamosmujer.org.co\/sitio\/#\/schema\/logo\/image\/\",\"url\":\"https:\/\/vamosmujer.org.co\/sitio\/wp-content\/uploads\/2020\/10\/logo_vamos-07.png\",\"contentUrl\":\"https:\/\/vamosmujer.org.co\/sitio\/wp-content\/uploads\/2020\/10\/logo_vamos-07.png\",\"width\":911,\"height\":231,\"caption\":\"Corporaci\u00f3n Vamos Mujer\"},\"image\":{\"@id\":\"https:\/\/vamosmujer.org.co\/sitio\/#\/schema\/logo\/image\/\"},\"sameAs\":[\"https:\/\/www.facebook.com\/corporacionvamosmujer\/\",\"https:\/\/twitter.com\/vamosmujer\",\"https:\/\/www.instagram.com\/corporacionvamosmujer\/\",\"https:\/\/www.youtube.com\/channel\/UCAc-qitYba-Hv0QWSaB04pA\/featured\"]}]}<\/script>\n<!-- \/ Yoast SEO plugin. -->","yoast_head_json":{"title":"XIX Informe sobre la situaci\u00f3n de violaci\u00f3n de Derechos Humanos de las Mujeres en Antioquia 2020 - Corporaci\u00f3n Vamos Mujer","robots":{"index":"index","follow":"follow","max-snippet":"max-snippet:-1","max-image-preview":"max-image-preview:large","max-video-preview":"max-video-preview:-1"},"canonical":"https:\/\/vamosmujer.org.co\/sitio\/producto\/xix-informe-sobre-la-situacion-de-violacion-de-derechos-humanos-de-las-mujeres-en-antioquia-2020\/","og_locale":"es_ES","og_type":"article","og_title":"XIX Informe sobre la situaci\u00f3n de violaci\u00f3n de Derechos Humanos de las Mujeres en Antioquia 2020 - Corporaci\u00f3n Vamos Mujer","og_description":"El Informe sobre la situaci\u00f3n de violaci\u00f3n de Derechos Humanos de las Mujeres en Medell\u00edn y en Antioquia es un procesos desarrollado por la Corporaci\u00f3n Vamos Mujer y la Corporaci\u00f3n para la vida Mujeres Que Crean  Medell\u00edn, 2021  Descarga","og_url":"https:\/\/vamosmujer.org.co\/sitio\/producto\/xix-informe-sobre-la-situacion-de-violacion-de-derechos-humanos-de-las-mujeres-en-antioquia-2020\/","og_site_name":"Corporaci\u00f3n Vamos Mujer","article_publisher":"https:\/\/www.facebook.com\/corporacionvamosmujer\/","article_modified_time":"2022-06-29T21:29:01+00:00","og_image":[{"url":"https:\/\/vamosmujer.org.co\/sitio\/wp-content\/uploads\/2020\/10\/INFORME-DDHH-Mujeres-Antioquia-01.jpg","width":1,"height":1,"type":"image\/jpeg"}],"twitter_card":"summary_large_image","twitter_site":"@vamosmujer","twitter_misc":{"Tiempo estimado de lectura":"1 minuto"},"schema":{"@context":"https:\/\/schema.org","@graph":[{"@type":"WebPage","@id":"https:\/\/vamosmujer.org.co\/sitio\/producto\/xix-informe-sobre-la-situacion-de-violacion-de-derechos-humanos-de-las-mujeres-en-antioquia-2020\/","url":"https:\/\/vamosmujer.org.co\/sitio\/producto\/xix-informe-sobre-la-situacion-de-violacion-de-derechos-humanos-de-las-mujeres-en-antioquia-2020\/","name":"XIX Informe sobre la situaci\u00f3n de violaci\u00f3n de Derechos Humanos de las Mujeres en Antioquia 2020 - Corporaci\u00f3n Vamos Mujer","isPartOf":{"@id":"https:\/\/vamosmujer.org.co\/sitio\/#website"},"primaryImageOfPage":{"@id":"https:\/\/vamosmujer.org.co\/sitio\/producto\/xix-informe-sobre-la-situacion-de-violacion-de-derechos-humanos-de-las-mujeres-en-antioquia-2020\/#primaryimage"},"image":{"@id":"https:\/\/vamosmujer.org.co\/sitio\/producto\/xix-informe-sobre-la-situacion-de-violacion-de-derechos-humanos-de-las-mujeres-en-antioquia-2020\/#primaryimage"},"thumbnailUrl":"https:\/\/vamosmujer.org.co\/sitio\/wp-content\/uploads\/2020\/10\/INFORME-DDHH-Mujeres-Antioquia-01.jpg","datePublished":"2022-06-01T22:21:04+00:00","dateModified":"2022-06-29T21:29:01+00:00","breadcrumb":{"@id":"https:\/\/vamosmujer.org.co\/sitio\/producto\/xix-informe-sobre-la-situacion-de-violacion-de-derechos-humanos-de-las-mujeres-en-antioquia-2020\/#breadcrumb"},"inLanguage":"es-CO","potentialAction":[{"@type":"ReadAction","target":["https:\/\/vamosmujer.org.co\/sitio\/producto\/xix-informe-sobre-la-situacion-de-violacion-de-derechos-humanos-de-las-mujeres-en-antioquia-2020\/"]}]},{"@type":"ImageObject","inLanguage":"es-CO","@id":"https:\/\/vamosmujer.org.co\/sitio\/producto\/xix-informe-sobre-la-situacion-de-violacion-de-derechos-humanos-de-las-mujeres-en-antioquia-2020\/#primaryimage","url":"https:\/\/vamosmujer.org.co\/sitio\/wp-content\/uploads\/2020\/10\/INFORME-DDHH-Mujeres-Antioquia-01.jpg","contentUrl":"https:\/\/vamosmujer.org.co\/sitio\/wp-content\/uploads\/2020\/10\/INFORME-DDHH-Mujeres-Antioquia-01.jpg"},{"@type":"BreadcrumbList","@id":"https:\/\/vamosmujer.org.co\/sitio\/producto\/xix-informe-sobre-la-situacion-de-violacion-de-derechos-humanos-de-las-mujeres-en-antioquia-2020\/#breadcrumb","itemListElement":[{"@type":"ListItem","position":1,"name":"Inicio","item":"https:\/\/vamosmujer.org.co\/sitio\/"},{"@type":"ListItem","position":2,"name":"Productos","item":"https:\/\/vamosmujer.org.co\/sitio\/shop\/"},{"@type":"ListItem","position":3,"name":"XIX Informe sobre la situaci\u00f3n de violaci\u00f3n de Derechos Humanos de las Mujeres en Antioquia 2020"}]},{"@type":"WebSite","@id":"https:\/\/vamosmujer.org.co\/sitio\/#website","url":"https:\/\/vamosmujer.org.co\/sitio\/","name":"Corporaci\u00f3n Vamos Mujer","description":"Vamos Mujer","publisher":{"@id":"https:\/\/vamosmujer.org.co\/sitio\/#organization"},"potentialAction":[{"@type":"SearchAction","target":{"@type":"EntryPoint","urlTemplate":"https:\/\/vamosmujer.org.co\/sitio\/?s={search_term_string}"},"query-input":"required name=search_term_string"}],"inLanguage":"es-CO"},{"@type":"Organization","@id":"https:\/\/vamosmujer.org.co\/sitio\/#organization","name":"Corporaci\u00f3n Vamos Mujer","url":"https:\/\/vamosmujer.org.co\/sitio\/","logo":{"@type":"ImageObject","inLanguage":"es-CO","@id":"https:\/\/vamosmujer.org.co\/sitio\/#\/schema\/logo\/image\/","url":"https:\/\/vamosmujer.org.co\/sitio\/wp-content\/uploads\/2020\/10\/logo_vamos-07.png","contentUrl":"https:\/\/vamosmujer.org.co\/sitio\/wp-content\/uploads\/2020\/10\/logo_vamos-07.png","width":911,"height":231,"caption":"Corporaci\u00f3n Vamos Mujer"},"image":{"@id":"https:\/\/vamosmujer.org.co\/sitio\/#\/schema\/logo\/image\/"},"sameAs":["https:\/\/www.facebook.com\/corporacionvamosmujer\/","https:\/\/twitter.com\/vamosmujer","https:\/\/www.instagram.com\/corporacionvamosmujer\/","https:\/\/www.youtube.com\/channel\/UCAc-qitYba-Hv0QWSaB04pA\/featured"]}]}},"_links":{"self":[{"href":"https:\/\/vamosmujer.org.co\/sitio\/wp-json\/wp\/v2\/product\/9562"}],"collection":[{"href":"https:\/\/vamosmujer.org.co\/sitio\/wp-json\/wp\/v2\/product"}],"about":[{"href":"https:\/\/vamosmujer.org.co\/sitio\/wp-json\/wp\/v2\/types\/product"}],"replies":[{"embeddable":true,"href":"https:\/\/vamosmujer.org.co\/sitio\/wp-json\/wp\/v2\/comments?post=9562"}],"wp:featuredmedia":[{"embeddable":true,"href":"https:\/\/vamosmujer.org.co\/sitio\/wp-json\/wp\/v2\/media\/9565"}],"wp:attachment":[{"href":"https:\/\/vamosmujer.org.co\/sitio\/wp-json\/wp\/v2\/media?parent=9562"}],"wp:term":[{"taxonomy":"product_cat","embeddable":true,"href":"https:\/\/vamosmujer.org.co\/sitio\/wp-json\/wp\/v2\/product_cat?post=9562"},{"taxonomy":"product_tag","embeddable":true,"href":"https:\/\/vamosmujer.org.co\/sitio\/wp-json\/wp\/v2\/product_tag?post=9562"}],"curies":[{"name":"wp","href":"https:\/\/api.w.org\/{rel}","templated":true}]}}